{"id":521,"date":"2025-11-22T08:28:30","date_gmt":"2025-11-22T07:28:30","guid":{"rendered":"https:\/\/kiosk.caves-guerin.fr\/?post_type=product&#038;p=521"},"modified":"2025-11-22T08:29:48","modified_gmt":"2025-11-22T07:29:48","slug":"zacapa-edicion-negra-coffret-2-verres","status":"publish","type":"product","link":"https:\/\/kiosk.caves-guerin.fr\/index.php\/produit\/zacapa-edicion-negra-coffret-2-verres\/","title":{"rendered":"ZACAPA EDICION NEGRA COFFRET 2 VERRES"},"content":{"rendered":"<h2>43\u00b0 &#8211; 70cl &#8211; Origine Guatemala<\/h2>\n<p>Coffret 2 verres &#8211; Rhum hors d&rsquo;\u00e2ge &#8211; M\u00e9thode Solera &#8211; Vieilli en f\u00fbts de ch\u00eane s\u00e9lectionn\u00e9es et retoast\u00e9s<\/p>\n<p>BOUCHE<br \/>\nintense, caf\u00e9, chocolat noir, fruits secs<\/p>\n<p>FINALE<br \/>\ncaf\u00e9, chocolat, \u00e9pices<\/p>\n","protected":false},"excerpt":{"rendered":"<p>43\u00b0 &#8211; 70cl &#8211; Origine Guatemala Coffret 2 verres &#8211; Rhum hors d&rsquo;\u00e2ge &#8211; M\u00e9thode Solera &#8211; Vieilli en f\u00fbts de ch\u00eane s\u00e9lectionn\u00e9es et retoast\u00e9s BOUCHE intense, caf\u00e9, chocolat noir, fruits secs FINALE caf\u00e9, chocolat, \u00e9pices<\/p>\n","protected":false},"featured_media":522,"comment_status":"open","ping_status":"closed","template":"","meta":[],"product_brand":[],"product_cat":[21],"product_tag":[],"class_list":{"0":"post-521","1":"product","2":"type-product","3":"status-publish","4":"has-post-thumbnail","6":"product_cat-rhums","8":"first","9":"instock","10":"shipping-taxable","11":"product-type-simple"},"_links":{"self":[{"href":"https:\/\/kiosk.caves-guerin.fr\/index.php\/wp-json\/wp\/v2\/product\/521","targetHints":{"allow":["GET"]}}],"collection":[{"href":"https:\/\/kiosk.caves-guerin.fr\/index.php\/wp-json\/wp\/v2\/product"}],"about":[{"href":"https:\/\/kiosk.caves-guerin.fr\/index.php\/wp-json\/wp\/v2\/types\/product"}],"replies":[{"embeddable":true,"href":"https:\/\/kiosk.caves-guerin.fr\/index.php\/wp-json\/wp\/v2\/comments?post=521"}],"wp:featuredmedia":[{"embeddable":true,"href":"https:\/\/kiosk.caves-guerin.fr\/index.php\/wp-json\/wp\/v2\/media\/522"}],"wp:attachment":[{"href":"https:\/\/kiosk.caves-guerin.fr\/index.php\/wp-json\/wp\/v2\/media?parent=521"}],"wp:term":[{"taxonomy":"product_brand","embeddable":true,"href":"https:\/\/kiosk.caves-guerin.fr\/index.php\/wp-json\/wp\/v2\/product_brand?post=521"},{"taxonomy":"product_cat","embeddable":true,"href":"https:\/\/kiosk.caves-guerin.fr\/index.php\/wp-json\/wp\/v2\/product_cat?post=521"},{"taxonomy":"product_tag","embeddable":true,"href":"https:\/\/kiosk.caves-guerin.fr\/index.php\/wp-json\/wp\/v2\/product_tag?post=521"}],"curies":[{"name":"wp","href":"https:\/\/api.w.org\/{rel}","templated":true}]}}