{"id":519,"date":"2025-11-22T08:27:16","date_gmt":"2025-11-22T07:27:16","guid":{"rendered":"https:\/\/kiosk.caves-guerin.fr\/?post_type=product&#038;p=519"},"modified":"2025-11-22T08:28:10","modified_gmt":"2025-11-22T07:28:10","slug":"tokinoka-coffret-2-verres","status":"publish","type":"product","link":"https:\/\/kiosk.caves-guerin.fr\/index.php\/produit\/tokinoka-coffret-2-verres\/","title":{"rendered":"TOKINOKA COFFRET 2 VERRES"},"content":{"rendered":"<h2>40\u00b0 &#8211; 50cl Origine Japon<\/h2>\n<p>Dans ce coffret whisky Tokinoka vous trouverez une bouteille de whisky japonais Tokinoka vieilli en ex-f\u00fbts de X\u00e9r\u00e8s, de<br \/>\nBourbon et de Sochu ainsi que deux verres \u00e0 whisky pour d\u00e9couvrir ce blend japonais.<\/p>\n<p>&nbsp;<\/p>\n","protected":false},"excerpt":{"rendered":"<p>40\u00b0 &#8211; 50cl Origine Japon Dans ce coffret whisky Tokinoka vous trouverez une bouteille de whisky japonais Tokinoka vieilli en ex-f\u00fbts de X\u00e9r\u00e8s, de Bourbon et de Sochu ainsi que deux verres \u00e0 whisky pour d\u00e9couvrir ce blend japonais. &nbsp;<\/p>\n","protected":false},"featured_media":520,"comment_status":"open","ping_status":"closed","template":"","meta":[],"product_brand":[],"product_cat":[22],"product_tag":[],"class_list":{"0":"post-519","1":"product","2":"type-product","3":"status-publish","4":"has-post-thumbnail","6":"product_cat-whisky","8":"first","9":"instock","10":"shipping-taxable","11":"product-type-simple"},"_links":{"self":[{"href":"https:\/\/kiosk.caves-guerin.fr\/index.php\/wp-json\/wp\/v2\/product\/519","targetHints":{"allow":["GET"]}}],"collection":[{"href":"https:\/\/kiosk.caves-guerin.fr\/index.php\/wp-json\/wp\/v2\/product"}],"about":[{"href":"https:\/\/kiosk.caves-guerin.fr\/index.php\/wp-json\/wp\/v2\/types\/product"}],"replies":[{"embeddable":true,"href":"https:\/\/kiosk.caves-guerin.fr\/index.php\/wp-json\/wp\/v2\/comments?post=519"}],"wp:featuredmedia":[{"embeddable":true,"href":"https:\/\/kiosk.caves-guerin.fr\/index.php\/wp-json\/wp\/v2\/media\/520"}],"wp:attachment":[{"href":"https:\/\/kiosk.caves-guerin.fr\/index.php\/wp-json\/wp\/v2\/media?parent=519"}],"wp:term":[{"taxonomy":"product_brand","embeddable":true,"href":"https:\/\/kiosk.caves-guerin.fr\/index.php\/wp-json\/wp\/v2\/product_brand?post=519"},{"taxonomy":"product_cat","embeddable":true,"href":"https:\/\/kiosk.caves-guerin.fr\/index.php\/wp-json\/wp\/v2\/product_cat?post=519"},{"taxonomy":"product_tag","embeddable":true,"href":"https:\/\/kiosk.caves-guerin.fr\/index.php\/wp-json\/wp\/v2\/product_tag?post=519"}],"curies":[{"name":"wp","href":"https:\/\/api.w.org\/{rel}","templated":true}]}}