{"id":517,"date":"2025-11-22T08:24:38","date_gmt":"2025-11-22T07:24:38","guid":{"rendered":"https:\/\/kiosk.caves-guerin.fr\/?post_type=product&#038;p=517"},"modified":"2025-11-22T08:26:09","modified_gmt":"2025-11-22T07:26:09","slug":"toki-coffret-1-verre","status":"publish","type":"product","link":"https:\/\/kiosk.caves-guerin.fr\/index.php\/produit\/toki-coffret-1-verre\/","title":{"rendered":"TOKI COFFRET 1 VERRE"},"content":{"rendered":"<h2>43\u00b0 &#8211; 70cl Origine Japon<\/h2>\n<p>Le whisky japonais Toki met en lumi\u00e8re le moment o\u00f9 l\u2019ancien Japon rencontre le nouveau. Toki signifie \u00ab temps \u00bb. Des techniques\u00a0 ancestrales sont associ\u00e9es \u00e0 une touche moderne et innovante pour cr\u00e9er un whisky japonais subtilement sucr\u00e9 avec une finale \u00e9pic\u00e9e. Le whisky japonais Toki est le fruit de l&rsquo;assemblage de trois whiskies provenant de trois distilleries renomm\u00e9es : Hakushu, Chita et Yamazaki. \u00c9labor\u00e9 selon les techniques artisanales japonaises, Toki est un m\u00e9lange innovant de whisky de malt et de whisky de grain.<\/p>\n<p>NEZ<br \/>\nfrais, herbac\u00e9, basilic, pomme verte, miel<\/p>\n<p>BOUCHE<br \/>\npamplemousse, raisin vert, menthe poivr\u00e9e, thym<\/p>\n<p>FINALE<br \/>\nvanille, ch\u00eane, poivre blanc, gingembre<\/p>\n<p>&nbsp;<\/p>\n","protected":false},"excerpt":{"rendered":"<p>43\u00b0 &#8211; 70cl Origine Japon Le whisky japonais Toki met en lumi\u00e8re le moment o\u00f9 l\u2019ancien Japon rencontre le nouveau. Toki signifie \u00ab temps \u00bb. Des techniques\u00a0 ancestrales sont associ\u00e9es \u00e0 une touche moderne et innovante pour cr\u00e9er un whisky japonais subtilement sucr\u00e9 avec une finale \u00e9pic\u00e9e. Le whisky japonais Toki est le fruit de<\/p>\n<div class=\"more-link\">\n             <a href=\"https:\/\/kiosk.caves-guerin.fr\/index.php\/produit\/toki-coffret-1-verre\/\" class=\"theme-btn\"><span>Continue Reading <\/span><i class=\"bi bi-arrow-right\"><\/i><\/a>\n        <\/div>\n","protected":false},"featured_media":518,"comment_status":"open","ping_status":"closed","template":"","meta":[],"product_brand":[],"product_cat":[22],"product_tag":[],"class_list":{"0":"post-517","1":"product","2":"type-product","3":"status-publish","4":"has-post-thumbnail","6":"product_cat-whisky","8":"first","9":"instock","10":"shipping-taxable","11":"product-type-simple"},"_links":{"self":[{"href":"https:\/\/kiosk.caves-guerin.fr\/index.php\/wp-json\/wp\/v2\/product\/517","targetHints":{"allow":["GET"]}}],"collection":[{"href":"https:\/\/kiosk.caves-guerin.fr\/index.php\/wp-json\/wp\/v2\/product"}],"about":[{"href":"https:\/\/kiosk.caves-guerin.fr\/index.php\/wp-json\/wp\/v2\/types\/product"}],"replies":[{"embeddable":true,"href":"https:\/\/kiosk.caves-guerin.fr\/index.php\/wp-json\/wp\/v2\/comments?post=517"}],"wp:featuredmedia":[{"embeddable":true,"href":"https:\/\/kiosk.caves-guerin.fr\/index.php\/wp-json\/wp\/v2\/media\/518"}],"wp:attachment":[{"href":"https:\/\/kiosk.caves-guerin.fr\/index.php\/wp-json\/wp\/v2\/media?parent=517"}],"wp:term":[{"taxonomy":"product_brand","embeddable":true,"href":"https:\/\/kiosk.caves-guerin.fr\/index.php\/wp-json\/wp\/v2\/product_brand?post=517"},{"taxonomy":"product_cat","embeddable":true,"href":"https:\/\/kiosk.caves-guerin.fr\/index.php\/wp-json\/wp\/v2\/product_cat?post=517"},{"taxonomy":"product_tag","embeddable":true,"href":"https:\/\/kiosk.caves-guerin.fr\/index.php\/wp-json\/wp\/v2\/product_tag?post=517"}],"curies":[{"name":"wp","href":"https:\/\/api.w.org\/{rel}","templated":true}]}}