{"id":515,"date":"2025-11-22T08:22:40","date_gmt":"2025-11-22T07:22:40","guid":{"rendered":"https:\/\/kiosk.caves-guerin.fr\/?post_type=product&#038;p=515"},"modified":"2025-11-22T08:24:12","modified_gmt":"2025-11-22T07:24:12","slug":"ti-arranges-de-ced-ti-chaca-menthe-citron-vert","status":"publish","type":"product","link":"https:\/\/kiosk.caves-guerin.fr\/index.php\/produit\/ti-arranges-de-ced-ti-chaca-menthe-citron-vert\/","title":{"rendered":"TI ARRANGES DE CED TI CHA\u00c7A &#8211; MENTHE CITRON VERT"},"content":{"rendered":"<h2>36\u00b0 &#8211; 70cl &#8211; Origine France<\/h2>\n<p>Ti Ced\u2019 innove et propose le mariage in\u00e9dit d\u2019une cacha\u00e7a br\u00e9silienne et de fruits frais de saison r\u00e9colt\u00e9s \u00e0 maturit\u00e9 naturelle.<br \/>\nFraiche &amp;amp; menthol\u00e9e, la Ti Cha\u00e7a arrang\u00e9e \u00ab Menthe Citron vert \u00bb invite \u00e0 une d\u00e9couverte pleine de saveurs. Le nez, tr\u00e8s s\u00e9duisant sur une combinaison harmonieuse de fleurs et d\u2019agrumes, s\u2019articule autour d\u2019une trame culinaire m\u00e9diterran\u00e9enne et des notes enthol\u00e9es. En bouche, l\u2019attaque est franche sur le jus de citron frais press\u00e9 d\u00e9licatement mari\u00e9 \u00e0 une menthe poivr\u00e9e. Elle \u00e9volue sur une belle\u00a0 infusion de fleurs pour une finale fra\u00eeche et d\u00e9licatement menthol\u00e9e. Dans cette recette in\u00e9dite, la cacha\u00e7a apporte de la structure et\u00a0 permet \u00e0 chaque ingr\u00e9dient de tenir son r\u00f4le.<\/p>\n<p>NEZ<br \/>\nfleurs, agrumes, menthol\u00e9, frais<\/p>\n<p>BOUCHE<br \/>\ncitron, menthe poivr\u00e9e, florale<\/p>\n<p>FINALE<br \/>\nfra\u00eeche, menthol\u00e9e<\/p>\n","protected":false},"excerpt":{"rendered":"<p>36\u00b0 &#8211; 70cl &#8211; Origine France Ti Ced\u2019 innove et propose le mariage in\u00e9dit d\u2019une cacha\u00e7a br\u00e9silienne et de fruits frais de saison r\u00e9colt\u00e9s \u00e0 maturit\u00e9 naturelle. Fraiche &amp;amp; menthol\u00e9e, la Ti Cha\u00e7a arrang\u00e9e \u00ab Menthe Citron vert \u00bb invite \u00e0 une d\u00e9couverte pleine de saveurs. Le nez, tr\u00e8s s\u00e9duisant sur une combinaison harmonieuse de<\/p>\n<div class=\"more-link\">\n             <a href=\"https:\/\/kiosk.caves-guerin.fr\/index.php\/produit\/ti-arranges-de-ced-ti-chaca-menthe-citron-vert\/\" class=\"theme-btn\"><span>Continue Reading <\/span><i class=\"bi bi-arrow-right\"><\/i><\/a>\n        <\/div>\n","protected":false},"featured_media":516,"comment_status":"open","ping_status":"closed","template":"","meta":[],"product_brand":[],"product_cat":[21],"product_tag":[],"class_list":{"0":"post-515","1":"product","2":"type-product","3":"status-publish","4":"has-post-thumbnail","6":"product_cat-rhums","8":"first","9":"instock","10":"shipping-taxable","11":"product-type-simple"},"_links":{"self":[{"href":"https:\/\/kiosk.caves-guerin.fr\/index.php\/wp-json\/wp\/v2\/product\/515","targetHints":{"allow":["GET"]}}],"collection":[{"href":"https:\/\/kiosk.caves-guerin.fr\/index.php\/wp-json\/wp\/v2\/product"}],"about":[{"href":"https:\/\/kiosk.caves-guerin.fr\/index.php\/wp-json\/wp\/v2\/types\/product"}],"replies":[{"embeddable":true,"href":"https:\/\/kiosk.caves-guerin.fr\/index.php\/wp-json\/wp\/v2\/comments?post=515"}],"wp:featuredmedia":[{"embeddable":true,"href":"https:\/\/kiosk.caves-guerin.fr\/index.php\/wp-json\/wp\/v2\/media\/516"}],"wp:attachment":[{"href":"https:\/\/kiosk.caves-guerin.fr\/index.php\/wp-json\/wp\/v2\/media?parent=515"}],"wp:term":[{"taxonomy":"product_brand","embeddable":true,"href":"https:\/\/kiosk.caves-guerin.fr\/index.php\/wp-json\/wp\/v2\/product_brand?post=515"},{"taxonomy":"product_cat","embeddable":true,"href":"https:\/\/kiosk.caves-guerin.fr\/index.php\/wp-json\/wp\/v2\/product_cat?post=515"},{"taxonomy":"product_tag","embeddable":true,"href":"https:\/\/kiosk.caves-guerin.fr\/index.php\/wp-json\/wp\/v2\/product_tag?post=515"}],"curies":[{"name":"wp","href":"https:\/\/api.w.org\/{rel}","templated":true}]}}