{"id":513,"date":"2025-11-22T08:20:27","date_gmt":"2025-11-22T07:20:27","guid":{"rendered":"https:\/\/kiosk.caves-guerin.fr\/?post_type=product&#038;p=513"},"modified":"2025-11-22T08:22:18","modified_gmt":"2025-11-22T07:22:18","slug":"ti-arranges-de-ced-ananas-caramel-beurre-sale-futs-de-whisky","status":"publish","type":"product","link":"https:\/\/kiosk.caves-guerin.fr\/index.php\/produit\/ti-arranges-de-ced-ananas-caramel-beurre-sale-futs-de-whisky\/","title":{"rendered":"TI ARRANG\u00c9S DE CED&rsquo; ANANAS CARAMEL BEURRE SAL\u00c9 (F\u00dbTS DE WHISKY)"},"content":{"rendered":"<h2>32\u00b0 &#8211; 70cl &#8211; Origine France<\/h2>\n<p>Le Ti Arrang\u00e9s de Ced\u2019 Ananas Caramel Beurre Sal\u00e9 fait son grand retour dans une \u00e9dition permanente \u00e0 la gamme. L\u2019Ananas Victoria de la R\u00e9union et le caramel beurre sal\u00e9 de Nantes retrouvent cette fois un rhum agricole 100% Martinique ayant b\u00e9n\u00e9fici\u00e9 au pr\u00e9alable d\u2019un affinage de plusieurs mois en f\u00fbts de whisky 100% fran\u00e7ais. L\u2019ananas est comme r\u00f4ti dans son pur jus de canne sur des sensations de cuisine orientale avec une finale savoureusement caram\u00e9lis\u00e9e.<\/p>\n<p>NEZ<br \/>\nAnanas frais, Vanille, Epices<\/p>\n<p>BOUCHE<br \/>\nCanne fraiche, ananas r\u00f4ti<\/p>\n<p>FINALE<br \/>\nCaramel<\/p>\n","protected":false},"excerpt":{"rendered":"<p>32\u00b0 &#8211; 70cl &#8211; Origine France Le Ti Arrang\u00e9s de Ced\u2019 Ananas Caramel Beurre Sal\u00e9 fait son grand retour dans une \u00e9dition permanente \u00e0 la gamme. L\u2019Ananas Victoria de la R\u00e9union et le caramel beurre sal\u00e9 de Nantes retrouvent cette fois un rhum agricole 100% Martinique ayant b\u00e9n\u00e9fici\u00e9 au pr\u00e9alable d\u2019un affinage de plusieurs mois<\/p>\n<div class=\"more-link\">\n             <a href=\"https:\/\/kiosk.caves-guerin.fr\/index.php\/produit\/ti-arranges-de-ced-ananas-caramel-beurre-sale-futs-de-whisky\/\" class=\"theme-btn\"><span>Continue Reading <\/span><i class=\"bi bi-arrow-right\"><\/i><\/a>\n        <\/div>\n","protected":false},"featured_media":514,"comment_status":"open","ping_status":"closed","template":"","meta":[],"product_brand":[],"product_cat":[21],"product_tag":[],"class_list":{"0":"post-513","1":"product","2":"type-product","3":"status-publish","4":"has-post-thumbnail","6":"product_cat-rhums","8":"first","9":"instock","10":"shipping-taxable","11":"product-type-simple"},"_links":{"self":[{"href":"https:\/\/kiosk.caves-guerin.fr\/index.php\/wp-json\/wp\/v2\/product\/513","targetHints":{"allow":["GET"]}}],"collection":[{"href":"https:\/\/kiosk.caves-guerin.fr\/index.php\/wp-json\/wp\/v2\/product"}],"about":[{"href":"https:\/\/kiosk.caves-guerin.fr\/index.php\/wp-json\/wp\/v2\/types\/product"}],"replies":[{"embeddable":true,"href":"https:\/\/kiosk.caves-guerin.fr\/index.php\/wp-json\/wp\/v2\/comments?post=513"}],"wp:featuredmedia":[{"embeddable":true,"href":"https:\/\/kiosk.caves-guerin.fr\/index.php\/wp-json\/wp\/v2\/media\/514"}],"wp:attachment":[{"href":"https:\/\/kiosk.caves-guerin.fr\/index.php\/wp-json\/wp\/v2\/media?parent=513"}],"wp:term":[{"taxonomy":"product_brand","embeddable":true,"href":"https:\/\/kiosk.caves-guerin.fr\/index.php\/wp-json\/wp\/v2\/product_brand?post=513"},{"taxonomy":"product_cat","embeddable":true,"href":"https:\/\/kiosk.caves-guerin.fr\/index.php\/wp-json\/wp\/v2\/product_cat?post=513"},{"taxonomy":"product_tag","embeddable":true,"href":"https:\/\/kiosk.caves-guerin.fr\/index.php\/wp-json\/wp\/v2\/product_tag?post=513"}],"curies":[{"name":"wp","href":"https:\/\/api.w.org\/{rel}","templated":true}]}}