{"id":511,"date":"2025-11-22T08:18:25","date_gmt":"2025-11-22T07:18:25","guid":{"rendered":"https:\/\/kiosk.caves-guerin.fr\/?post_type=product&#038;p=511"},"modified":"2025-11-22T08:19:57","modified_gmt":"2025-11-22T07:19:57","slug":"teeling-small-batch-blended-whiskey","status":"publish","type":"product","link":"https:\/\/kiosk.caves-guerin.fr\/index.php\/produit\/teeling-small-batch-blended-whiskey\/","title":{"rendered":"TEELING SMALL BATCH BLENDED WHISKEY"},"content":{"rendered":"<h2>46\u00b0 &#8211; 70cl Origine Irlande<\/h2>\n<p>AR\u00d4ME<br \/>\nC\u00e9r\u00e9ales &#8211; Floral<\/p>\n<p>Embl\u00e9matique du travail des fr\u00e8res Teeling, et par l\u00e0-m\u00eame du renouveau du whiskey irlandais, Teeling Small Batch Blended Whiskey n\u2019est autre que l\u2019embouteillage pr\u00e9f\u00e9r\u00e9 de Jack.N\u00e9 de l\u2019assemblage de whiskies de malt et de grain, il s\u00e9duit gr\u00e2ce \u00e0 ses ar\u00f4mes fruit\u00e9es et ses notes de vanille et de chocolat ponctu\u00e9es d\u2019\u00e9pices. Un onctuosit\u00e9 et une gourmandise qu\u2019il doit \u00e0 son finish en ex-f\u00fbts de rhum du Nicaragua.<\/p>\n<p>NEZ<br \/>\nGourmand, Vanille, M\u00e9lasse<\/p>\n<p>BOUCHE<br \/>\nOnctueuse, Fruit\u00e9e, Chocolat\u00e9e<\/p>\n<p>FINALE<br \/>\nL\u00e9g\u00e8re, Ch\u00eane, \u00c9pic\u00e9e<\/p>\n<p>&nbsp;<\/p>\n","protected":false},"excerpt":{"rendered":"<p>46\u00b0 &#8211; 70cl Origine Irlande AR\u00d4ME C\u00e9r\u00e9ales &#8211; Floral Embl\u00e9matique du travail des fr\u00e8res Teeling, et par l\u00e0-m\u00eame du renouveau du whiskey irlandais, Teeling Small Batch Blended Whiskey n\u2019est autre que l\u2019embouteillage pr\u00e9f\u00e9r\u00e9 de Jack.N\u00e9 de l\u2019assemblage de whiskies de malt et de grain, il s\u00e9duit gr\u00e2ce \u00e0 ses ar\u00f4mes fruit\u00e9es et ses notes de<\/p>\n<div class=\"more-link\">\n             <a href=\"https:\/\/kiosk.caves-guerin.fr\/index.php\/produit\/teeling-small-batch-blended-whiskey\/\" class=\"theme-btn\"><span>Continue Reading <\/span><i class=\"bi bi-arrow-right\"><\/i><\/a>\n        <\/div>\n","protected":false},"featured_media":512,"comment_status":"open","ping_status":"closed","template":"","meta":[],"product_brand":[],"product_cat":[22],"product_tag":[],"class_list":{"0":"post-511","1":"product","2":"type-product","3":"status-publish","4":"has-post-thumbnail","6":"product_cat-whisky","8":"first","9":"instock","10":"shipping-taxable","11":"product-type-simple"},"_links":{"self":[{"href":"https:\/\/kiosk.caves-guerin.fr\/index.php\/wp-json\/wp\/v2\/product\/511","targetHints":{"allow":["GET"]}}],"collection":[{"href":"https:\/\/kiosk.caves-guerin.fr\/index.php\/wp-json\/wp\/v2\/product"}],"about":[{"href":"https:\/\/kiosk.caves-guerin.fr\/index.php\/wp-json\/wp\/v2\/types\/product"}],"replies":[{"embeddable":true,"href":"https:\/\/kiosk.caves-guerin.fr\/index.php\/wp-json\/wp\/v2\/comments?post=511"}],"wp:featuredmedia":[{"embeddable":true,"href":"https:\/\/kiosk.caves-guerin.fr\/index.php\/wp-json\/wp\/v2\/media\/512"}],"wp:attachment":[{"href":"https:\/\/kiosk.caves-guerin.fr\/index.php\/wp-json\/wp\/v2\/media?parent=511"}],"wp:term":[{"taxonomy":"product_brand","embeddable":true,"href":"https:\/\/kiosk.caves-guerin.fr\/index.php\/wp-json\/wp\/v2\/product_brand?post=511"},{"taxonomy":"product_cat","embeddable":true,"href":"https:\/\/kiosk.caves-guerin.fr\/index.php\/wp-json\/wp\/v2\/product_cat?post=511"},{"taxonomy":"product_tag","embeddable":true,"href":"https:\/\/kiosk.caves-guerin.fr\/index.php\/wp-json\/wp\/v2\/product_tag?post=511"}],"curies":[{"name":"wp","href":"https:\/\/api.w.org\/{rel}","templated":true}]}}