{"id":507,"date":"2025-11-22T08:14:32","date_gmt":"2025-11-22T07:14:32","guid":{"rendered":"https:\/\/kiosk.caves-guerin.fr\/?post_type=product&#038;p=507"},"modified":"2025-11-22T08:16:02","modified_gmt":"2025-11-22T07:16:02","slug":"don-papa-sherry-cask","status":"publish","type":"product","link":"https:\/\/kiosk.caves-guerin.fr\/index.php\/produit\/don-papa-sherry-cask\/","title":{"rendered":"DON PAPA SHERRY CASK"},"content":{"rendered":"<h2>45\u00b0 &#8211; 70cl &#8211; Origine Philippines<\/h2>\n<p>AR\u00d4ME<br \/>\nFruits cuits &#8211; Fruits rouges<\/p>\n<p>Rhum vieilli plusieurs ann\u00e9es en f\u00fbts de bourbon de ch\u00eane am\u00e9ricain. Il b\u00e9n\u00e9ficie ensuite de 18 mois de finition dans 4 types de f\u00fbts de X\u00e9r\u00e9s (sherry casks) : Fino, Pedro Xim\u00e9nez, Cream et Palo Cortado.<\/p>\n<p>NEZ<br \/>\nfruits m\u00fbrs, raisins.<\/p>\n<p>BOUCHE<br \/>\nraisins m\u00fbrs, prunes, figues cuites.<\/p>\n<p>&nbsp;<\/p>\n","protected":false},"excerpt":{"rendered":"<p>45\u00b0 &#8211; 70cl &#8211; Origine Philippines AR\u00d4ME Fruits cuits &#8211; Fruits rouges Rhum vieilli plusieurs ann\u00e9es en f\u00fbts de bourbon de ch\u00eane am\u00e9ricain. Il b\u00e9n\u00e9ficie ensuite de 18 mois de finition dans 4 types de f\u00fbts de X\u00e9r\u00e9s (sherry casks) : Fino, Pedro Xim\u00e9nez, Cream et Palo Cortado. NEZ fruits m\u00fbrs, raisins. BOUCHE raisins m\u00fbrs,<\/p>\n<div class=\"more-link\">\n             <a href=\"https:\/\/kiosk.caves-guerin.fr\/index.php\/produit\/don-papa-sherry-cask\/\" class=\"theme-btn\"><span>Continue Reading <\/span><i class=\"bi bi-arrow-right\"><\/i><\/a>\n        <\/div>\n","protected":false},"featured_media":508,"comment_status":"open","ping_status":"closed","template":"","meta":[],"product_brand":[],"product_cat":[21],"product_tag":[],"class_list":{"0":"post-507","1":"product","2":"type-product","3":"status-publish","4":"has-post-thumbnail","6":"product_cat-rhums","8":"first","9":"instock","10":"shipping-taxable","11":"product-type-simple"},"_links":{"self":[{"href":"https:\/\/kiosk.caves-guerin.fr\/index.php\/wp-json\/wp\/v2\/product\/507","targetHints":{"allow":["GET"]}}],"collection":[{"href":"https:\/\/kiosk.caves-guerin.fr\/index.php\/wp-json\/wp\/v2\/product"}],"about":[{"href":"https:\/\/kiosk.caves-guerin.fr\/index.php\/wp-json\/wp\/v2\/types\/product"}],"replies":[{"embeddable":true,"href":"https:\/\/kiosk.caves-guerin.fr\/index.php\/wp-json\/wp\/v2\/comments?post=507"}],"wp:featuredmedia":[{"embeddable":true,"href":"https:\/\/kiosk.caves-guerin.fr\/index.php\/wp-json\/wp\/v2\/media\/508"}],"wp:attachment":[{"href":"https:\/\/kiosk.caves-guerin.fr\/index.php\/wp-json\/wp\/v2\/media?parent=507"}],"wp:term":[{"taxonomy":"product_brand","embeddable":true,"href":"https:\/\/kiosk.caves-guerin.fr\/index.php\/wp-json\/wp\/v2\/product_brand?post=507"},{"taxonomy":"product_cat","embeddable":true,"href":"https:\/\/kiosk.caves-guerin.fr\/index.php\/wp-json\/wp\/v2\/product_cat?post=507"},{"taxonomy":"product_tag","embeddable":true,"href":"https:\/\/kiosk.caves-guerin.fr\/index.php\/wp-json\/wp\/v2\/product_tag?post=507"}],"curies":[{"name":"wp","href":"https:\/\/api.w.org\/{rel}","templated":true}]}}