{"id":505,"date":"2025-11-22T08:12:41","date_gmt":"2025-11-22T07:12:41","guid":{"rendered":"https:\/\/kiosk.caves-guerin.fr\/?post_type=product&#038;p=505"},"modified":"2025-11-22T08:14:01","modified_gmt":"2025-11-22T07:14:01","slug":"rozelieures-organic-collection","status":"publish","type":"product","link":"https:\/\/kiosk.caves-guerin.fr\/index.php\/produit\/rozelieures-organic-collection\/","title":{"rendered":"ROZELIEURES ORGANIC COLLECTION"},"content":{"rendered":"<h2>42\u00b0 &#8211; 70cl Origine France<\/h2>\n<p>Le whisky fran\u00e7ais Rozelieures Organic Collection est le tout premier Single Malt certifi\u00e9 Bio de la ferme distillerie malterie<br \/>\nRozelieures. Son nez, frais, convoque les fruits du verger et les c\u00e9r\u00e9ales croquantes. A l\u2019a\u00e9ration, des notes de brioche et<br \/>\nd\u2019\u00e9pices douces se r\u00e9v\u00e8lent. La bouche est onctueuse. Des saveurs subtiles de fruits rouges deviennent p\u00e2tissi\u00e8res et<br \/>\n\u00e9voluent sur le caramel. En finale, les ar\u00f4mes de confiture de fruits rouges s\u2019\u00e9tirent sur les \u00e9pices douces comme la vanille et<br \/>\nla cannelle.<\/p>\n<p>NEZ<br \/>\nfruits du verger, c\u00e9r\u00e9ale, brioche, \u00e9pices douces<\/p>\n<p>BOUCHE<br \/>\nonctueux, fruits rouges, caramel, p\u00e2tisserie<\/p>\n<p>FINALE<br \/>\nconfiture de fruits rouges, \u00e9pices douces, vanille, cannelle<\/p>\n","protected":false},"excerpt":{"rendered":"<p>42\u00b0 &#8211; 70cl Origine France Le whisky fran\u00e7ais Rozelieures Organic Collection est le tout premier Single Malt certifi\u00e9 Bio de la ferme distillerie malterie Rozelieures. Son nez, frais, convoque les fruits du verger et les c\u00e9r\u00e9ales croquantes. A l\u2019a\u00e9ration, des notes de brioche et d\u2019\u00e9pices douces se r\u00e9v\u00e8lent. La bouche est onctueuse. Des saveurs subtiles<\/p>\n<div class=\"more-link\">\n             <a href=\"https:\/\/kiosk.caves-guerin.fr\/index.php\/produit\/rozelieures-organic-collection\/\" class=\"theme-btn\"><span>Continue Reading <\/span><i class=\"bi bi-arrow-right\"><\/i><\/a>\n        <\/div>\n","protected":false},"featured_media":506,"comment_status":"open","ping_status":"closed","template":"","meta":[],"product_brand":[],"product_cat":[22],"product_tag":[],"class_list":{"0":"post-505","1":"product","2":"type-product","3":"status-publish","4":"has-post-thumbnail","6":"product_cat-whisky","8":"first","9":"instock","10":"shipping-taxable","11":"product-type-simple"},"_links":{"self":[{"href":"https:\/\/kiosk.caves-guerin.fr\/index.php\/wp-json\/wp\/v2\/product\/505","targetHints":{"allow":["GET"]}}],"collection":[{"href":"https:\/\/kiosk.caves-guerin.fr\/index.php\/wp-json\/wp\/v2\/product"}],"about":[{"href":"https:\/\/kiosk.caves-guerin.fr\/index.php\/wp-json\/wp\/v2\/types\/product"}],"replies":[{"embeddable":true,"href":"https:\/\/kiosk.caves-guerin.fr\/index.php\/wp-json\/wp\/v2\/comments?post=505"}],"wp:featuredmedia":[{"embeddable":true,"href":"https:\/\/kiosk.caves-guerin.fr\/index.php\/wp-json\/wp\/v2\/media\/506"}],"wp:attachment":[{"href":"https:\/\/kiosk.caves-guerin.fr\/index.php\/wp-json\/wp\/v2\/media?parent=505"}],"wp:term":[{"taxonomy":"product_brand","embeddable":true,"href":"https:\/\/kiosk.caves-guerin.fr\/index.php\/wp-json\/wp\/v2\/product_brand?post=505"},{"taxonomy":"product_cat","embeddable":true,"href":"https:\/\/kiosk.caves-guerin.fr\/index.php\/wp-json\/wp\/v2\/product_cat?post=505"},{"taxonomy":"product_tag","embeddable":true,"href":"https:\/\/kiosk.caves-guerin.fr\/index.php\/wp-json\/wp\/v2\/product_tag?post=505"}],"curies":[{"name":"wp","href":"https:\/\/api.w.org\/{rel}","templated":true}]}}