{"id":497,"date":"2025-11-22T08:06:31","date_gmt":"2025-11-22T07:06:31","guid":{"rendered":"https:\/\/kiosk.caves-guerin.fr\/?post_type=product&#038;p=497"},"modified":"2025-11-22T08:07:58","modified_gmt":"2025-11-22T07:07:58","slug":"rozelieures-collection-fume","status":"publish","type":"product","link":"https:\/\/kiosk.caves-guerin.fr\/index.php\/produit\/rozelieures-collection-fume\/","title":{"rendered":"ROZELIEURES COLLECTION FUME"},"content":{"rendered":"<h2>Origine France<\/h2>\n<p>AR\u00d4ME<br \/>\nEpic\u00e9 &#8211; Miel<\/p>\n<p>Vieilli \u00e0 100% en f\u00fbts de X\u00e9r\u00e8s Oloroso Pedro Xim\u00e9nez. Un whisky de connaisseur au palais plus charpent\u00e9. Il doit son c\u00f4t\u00e9<br \/>\nfum\u00e9 \u00e0 la chauffe tr\u00e8s forte des f\u00fbts utilis\u00e9s.<\/p>\n<p>&nbsp;<\/p>\n","protected":false},"excerpt":{"rendered":"<p>Origine France AR\u00d4ME Epic\u00e9 &#8211; Miel Vieilli \u00e0 100% en f\u00fbts de X\u00e9r\u00e8s Oloroso Pedro Xim\u00e9nez. Un whisky de connaisseur au palais plus charpent\u00e9. Il doit son c\u00f4t\u00e9 fum\u00e9 \u00e0 la chauffe tr\u00e8s forte des f\u00fbts utilis\u00e9s. &nbsp;<\/p>\n","protected":false},"featured_media":498,"comment_status":"open","ping_status":"closed","template":"","meta":[],"product_brand":[],"product_cat":[22],"product_tag":[],"class_list":{"0":"post-497","1":"product","2":"type-product","3":"status-publish","4":"has-post-thumbnail","6":"product_cat-whisky","8":"first","9":"instock","10":"shipping-taxable","11":"product-type-simple"},"_links":{"self":[{"href":"https:\/\/kiosk.caves-guerin.fr\/index.php\/wp-json\/wp\/v2\/product\/497","targetHints":{"allow":["GET"]}}],"collection":[{"href":"https:\/\/kiosk.caves-guerin.fr\/index.php\/wp-json\/wp\/v2\/product"}],"about":[{"href":"https:\/\/kiosk.caves-guerin.fr\/index.php\/wp-json\/wp\/v2\/types\/product"}],"replies":[{"embeddable":true,"href":"https:\/\/kiosk.caves-guerin.fr\/index.php\/wp-json\/wp\/v2\/comments?post=497"}],"wp:featuredmedia":[{"embeddable":true,"href":"https:\/\/kiosk.caves-guerin.fr\/index.php\/wp-json\/wp\/v2\/media\/498"}],"wp:attachment":[{"href":"https:\/\/kiosk.caves-guerin.fr\/index.php\/wp-json\/wp\/v2\/media?parent=497"}],"wp:term":[{"taxonomy":"product_brand","embeddable":true,"href":"https:\/\/kiosk.caves-guerin.fr\/index.php\/wp-json\/wp\/v2\/product_brand?post=497"},{"taxonomy":"product_cat","embeddable":true,"href":"https:\/\/kiosk.caves-guerin.fr\/index.php\/wp-json\/wp\/v2\/product_cat?post=497"},{"taxonomy":"product_tag","embeddable":true,"href":"https:\/\/kiosk.caves-guerin.fr\/index.php\/wp-json\/wp\/v2\/product_tag?post=497"}],"curies":[{"name":"wp","href":"https:\/\/api.w.org\/{rel}","templated":true}]}}