{"id":467,"date":"2025-11-21T15:29:59","date_gmt":"2025-11-21T14:29:59","guid":{"rendered":"https:\/\/kiosk.caves-guerin.fr\/?post_type=product&#038;p=467"},"modified":"2025-11-21T15:32:58","modified_gmt":"2025-11-21T14:32:58","slug":"perfect-peat","status":"publish","type":"product","link":"https:\/\/kiosk.caves-guerin.fr\/index.php\/produit\/perfect-peat\/","title":{"rendered":"PERFECT PEAT"},"content":{"rendered":"<h2>40\u00b0 &#8211; 70cl &#8211; Origine Ecosse<\/h2>\n<p>AR\u00d4ME<\/p>\n<p>Fum\u00e9 \u2013 Iod\u00e9e<\/p>\n<p>Perfect Peat laisse exprimer les whiskies des \u00eeles d&rsquo;Ecosse avec ses notes d&rsquo;iode de bord de mer, de fum\u00e9e de tourbe, et ses d\u00e9licates notes salines en bouche. Comme son nom l&rsquo;indique, les saveurs de la tourbe y sont bien pr\u00e9sentes, mais la longueur en bouche se finalise sur la gourmandise. De quoi s\u00e9duire \u00e0 la fois les amateurs confirm\u00e9s de sensations fum\u00e9es comme ceux qui souhaiteraient une premi\u00e8re approche initiatique.<\/p>\n<p>NEZ<br \/>\nFinement tourb\u00e9.<\/p>\n<p>BOUCHE<br \/>\nMoelleuse, \u00e9pic\u00e9e, tourb\u00e9e.<\/p>\n<p>FINALE<br \/>\nV\u00e9g\u00e9tale, maritime.<\/p>\n","protected":false},"excerpt":{"rendered":"<p>40\u00b0 &#8211; 70cl &#8211; Origine Ecosse AR\u00d4ME Fum\u00e9 \u2013 Iod\u00e9e Perfect Peat laisse exprimer les whiskies des \u00eeles d&rsquo;Ecosse avec ses notes d&rsquo;iode de bord de mer, de fum\u00e9e de tourbe, et ses d\u00e9licates notes salines en bouche. Comme son nom l&rsquo;indique, les saveurs de la tourbe y sont bien pr\u00e9sentes, mais la longueur en<\/p>\n<div class=\"more-link\">\n             <a href=\"https:\/\/kiosk.caves-guerin.fr\/index.php\/produit\/perfect-peat\/\" class=\"theme-btn\"><span>Continue Reading <\/span><i class=\"bi bi-arrow-right\"><\/i><\/a>\n        <\/div>\n","protected":false},"featured_media":468,"comment_status":"open","ping_status":"closed","template":"","meta":[],"product_brand":[],"product_cat":[22],"product_tag":[],"class_list":{"0":"post-467","1":"product","2":"type-product","3":"status-publish","4":"has-post-thumbnail","6":"product_cat-whisky","8":"first","9":"instock","10":"shipping-taxable","11":"product-type-simple"},"_links":{"self":[{"href":"https:\/\/kiosk.caves-guerin.fr\/index.php\/wp-json\/wp\/v2\/product\/467","targetHints":{"allow":["GET"]}}],"collection":[{"href":"https:\/\/kiosk.caves-guerin.fr\/index.php\/wp-json\/wp\/v2\/product"}],"about":[{"href":"https:\/\/kiosk.caves-guerin.fr\/index.php\/wp-json\/wp\/v2\/types\/product"}],"replies":[{"embeddable":true,"href":"https:\/\/kiosk.caves-guerin.fr\/index.php\/wp-json\/wp\/v2\/comments?post=467"}],"wp:featuredmedia":[{"embeddable":true,"href":"https:\/\/kiosk.caves-guerin.fr\/index.php\/wp-json\/wp\/v2\/media\/468"}],"wp:attachment":[{"href":"https:\/\/kiosk.caves-guerin.fr\/index.php\/wp-json\/wp\/v2\/media?parent=467"}],"wp:term":[{"taxonomy":"product_brand","embeddable":true,"href":"https:\/\/kiosk.caves-guerin.fr\/index.php\/wp-json\/wp\/v2\/product_brand?post=467"},{"taxonomy":"product_cat","embeddable":true,"href":"https:\/\/kiosk.caves-guerin.fr\/index.php\/wp-json\/wp\/v2\/product_cat?post=467"},{"taxonomy":"product_tag","embeddable":true,"href":"https:\/\/kiosk.caves-guerin.fr\/index.php\/wp-json\/wp\/v2\/product_tag?post=467"}],"curies":[{"name":"wp","href":"https:\/\/api.w.org\/{rel}","templated":true}]}}