{"id":461,"date":"2025-11-21T15:21:19","date_gmt":"2025-11-21T14:21:19","guid":{"rendered":"https:\/\/kiosk.caves-guerin.fr\/?post_type=product&#038;p=461"},"modified":"2025-11-21T15:22:41","modified_gmt":"2025-11-21T14:22:41","slug":"millonario-kuytchi","status":"publish","type":"product","link":"https:\/\/kiosk.caves-guerin.fr\/index.php\/produit\/millonario-kuytchi\/","title":{"rendered":"MILLONARIO KUYTCHI"},"content":{"rendered":"<h2>40\u00b0 &#8211; 70cl &#8211; Origine P\u00e9rou<\/h2>\n<p>Millonario Kuytchi est une boisson spiritueuse \u00e9labor\u00e9e \u00e0 base de rhums p\u00e9ruviens et carib\u00e9ens infus\u00e9s avec des ar\u00f4mes naturels et des \u00e9pices. Parfaitement \u00e9quilibr\u00e9, il r\u00e9v\u00e8le un nez onctueux aux notes de caramel beurr\u00e9, de vanille, de fruits secs et de chocolat. La bouche est gourmande. Des saveurs de caramel et de chocolat au lait \u00e9voluent sur les dattes et les raisins secs pour une finale miell\u00e9e et\u00a0 d\u00e9licatement \u00e9pic\u00e9e.<\/p>\n<p>NEZ<br \/>\ncaramel, \u00e9pices, fruits secs, dattes, chocolat, vanille<\/p>\n<p>BOUCHE<br \/>\ncaramel beurr\u00e9, chocolat au lait, dattes, miel, cannelle<\/p>\n<p>FINALE<br \/>\nagrumes, gingembre<\/p>\n","protected":false},"excerpt":{"rendered":"<p>40\u00b0 &#8211; 70cl &#8211; Origine P\u00e9rou Millonario Kuytchi est une boisson spiritueuse \u00e9labor\u00e9e \u00e0 base de rhums p\u00e9ruviens et carib\u00e9ens infus\u00e9s avec des ar\u00f4mes naturels et des \u00e9pices. Parfaitement \u00e9quilibr\u00e9, il r\u00e9v\u00e8le un nez onctueux aux notes de caramel beurr\u00e9, de vanille, de fruits secs et de chocolat. La bouche est gourmande. Des saveurs de<\/p>\n<div class=\"more-link\">\n             <a href=\"https:\/\/kiosk.caves-guerin.fr\/index.php\/produit\/millonario-kuytchi\/\" class=\"theme-btn\"><span>Continue Reading <\/span><i class=\"bi bi-arrow-right\"><\/i><\/a>\n        <\/div>\n","protected":false},"featured_media":462,"comment_status":"open","ping_status":"closed","template":"","meta":[],"product_brand":[],"product_cat":[21],"product_tag":[],"class_list":{"0":"post-461","1":"product","2":"type-product","3":"status-publish","4":"has-post-thumbnail","6":"product_cat-rhums","8":"first","9":"instock","10":"shipping-taxable","11":"product-type-simple"},"_links":{"self":[{"href":"https:\/\/kiosk.caves-guerin.fr\/index.php\/wp-json\/wp\/v2\/product\/461","targetHints":{"allow":["GET"]}}],"collection":[{"href":"https:\/\/kiosk.caves-guerin.fr\/index.php\/wp-json\/wp\/v2\/product"}],"about":[{"href":"https:\/\/kiosk.caves-guerin.fr\/index.php\/wp-json\/wp\/v2\/types\/product"}],"replies":[{"embeddable":true,"href":"https:\/\/kiosk.caves-guerin.fr\/index.php\/wp-json\/wp\/v2\/comments?post=461"}],"wp:featuredmedia":[{"embeddable":true,"href":"https:\/\/kiosk.caves-guerin.fr\/index.php\/wp-json\/wp\/v2\/media\/462"}],"wp:attachment":[{"href":"https:\/\/kiosk.caves-guerin.fr\/index.php\/wp-json\/wp\/v2\/media?parent=461"}],"wp:term":[{"taxonomy":"product_brand","embeddable":true,"href":"https:\/\/kiosk.caves-guerin.fr\/index.php\/wp-json\/wp\/v2\/product_brand?post=461"},{"taxonomy":"product_cat","embeddable":true,"href":"https:\/\/kiosk.caves-guerin.fr\/index.php\/wp-json\/wp\/v2\/product_cat?post=461"},{"taxonomy":"product_tag","embeddable":true,"href":"https:\/\/kiosk.caves-guerin.fr\/index.php\/wp-json\/wp\/v2\/product_tag?post=461"}],"curies":[{"name":"wp","href":"https:\/\/api.w.org\/{rel}","templated":true}]}}