{"id":459,"date":"2025-11-21T15:19:14","date_gmt":"2025-11-21T14:19:14","guid":{"rendered":"https:\/\/kiosk.caves-guerin.fr\/?post_type=product&#038;p=459"},"modified":"2025-11-21T15:20:48","modified_gmt":"2025-11-21T14:20:48","slug":"mac-na-mara-rum-finish","status":"publish","type":"product","link":"https:\/\/kiosk.caves-guerin.fr\/index.php\/produit\/mac-na-mara-rum-finish\/","title":{"rendered":"MAC NA MARA RUM FINISH"},"content":{"rendered":"<h2>40\u00b0 &#8211; 70cl &#8211; Origine Ecosse<\/h2>\n<p>AR\u00d4ME<\/p>\n<p>C\u00e9r\u00e9ales &#8211; Iod\u00e9e<\/p>\n<p>Le blend Mac Na Mara original avec un vieillissement additionnel de 12 mois dans des f\u00fbts de rhum de la Guyane pour un<br \/>\ncaract\u00e8re plus doux et exotique. Le mariage r\u00e9ussi du rhum et du whisky des \u00eeles.<\/p>\n<p>NEZ<br \/>\nPuissant, fruit\u00e9, malt\u00e9.<\/p>\n<p>BOUCHE<br \/>\nC\u00e9r\u00e9ales, vanille, exotique.<\/p>\n<p>FINALE<br \/>\nPersistante, carib\u00e9enne.<\/p>\n","protected":false},"excerpt":{"rendered":"<p>40\u00b0 &#8211; 70cl &#8211; Origine Ecosse AR\u00d4ME C\u00e9r\u00e9ales &#8211; Iod\u00e9e Le blend Mac Na Mara original avec un vieillissement additionnel de 12 mois dans des f\u00fbts de rhum de la Guyane pour un caract\u00e8re plus doux et exotique. Le mariage r\u00e9ussi du rhum et du whisky des \u00eeles. NEZ Puissant, fruit\u00e9, malt\u00e9. BOUCHE C\u00e9r\u00e9ales, vanille,<\/p>\n<div class=\"more-link\">\n             <a href=\"https:\/\/kiosk.caves-guerin.fr\/index.php\/produit\/mac-na-mara-rum-finish\/\" class=\"theme-btn\"><span>Continue Reading <\/span><i class=\"bi bi-arrow-right\"><\/i><\/a>\n        <\/div>\n","protected":false},"featured_media":460,"comment_status":"open","ping_status":"closed","template":"","meta":[],"product_brand":[],"product_cat":[22],"product_tag":[],"class_list":{"0":"post-459","1":"product","2":"type-product","3":"status-publish","4":"has-post-thumbnail","6":"product_cat-whisky","8":"first","9":"instock","10":"shipping-taxable","11":"product-type-simple"},"_links":{"self":[{"href":"https:\/\/kiosk.caves-guerin.fr\/index.php\/wp-json\/wp\/v2\/product\/459","targetHints":{"allow":["GET"]}}],"collection":[{"href":"https:\/\/kiosk.caves-guerin.fr\/index.php\/wp-json\/wp\/v2\/product"}],"about":[{"href":"https:\/\/kiosk.caves-guerin.fr\/index.php\/wp-json\/wp\/v2\/types\/product"}],"replies":[{"embeddable":true,"href":"https:\/\/kiosk.caves-guerin.fr\/index.php\/wp-json\/wp\/v2\/comments?post=459"}],"wp:featuredmedia":[{"embeddable":true,"href":"https:\/\/kiosk.caves-guerin.fr\/index.php\/wp-json\/wp\/v2\/media\/460"}],"wp:attachment":[{"href":"https:\/\/kiosk.caves-guerin.fr\/index.php\/wp-json\/wp\/v2\/media?parent=459"}],"wp:term":[{"taxonomy":"product_brand","embeddable":true,"href":"https:\/\/kiosk.caves-guerin.fr\/index.php\/wp-json\/wp\/v2\/product_brand?post=459"},{"taxonomy":"product_cat","embeddable":true,"href":"https:\/\/kiosk.caves-guerin.fr\/index.php\/wp-json\/wp\/v2\/product_cat?post=459"},{"taxonomy":"product_tag","embeddable":true,"href":"https:\/\/kiosk.caves-guerin.fr\/index.php\/wp-json\/wp\/v2\/product_tag?post=459"}],"curies":[{"name":"wp","href":"https:\/\/api.w.org\/{rel}","templated":true}]}}