{"id":455,"date":"2025-11-21T15:16:30","date_gmt":"2025-11-21T14:16:30","guid":{"rendered":"https:\/\/kiosk.caves-guerin.fr\/?post_type=product&#038;p=455"},"modified":"2025-11-22T07:34:37","modified_gmt":"2025-11-22T06:34:37","slug":"mac-na-mara-port-cask-finish","status":"publish","type":"product","link":"https:\/\/kiosk.caves-guerin.fr\/index.php\/produit\/mac-na-mara-port-cask-finish\/","title":{"rendered":"MAC NA MARA PORT CASK FINISH"},"content":{"rendered":"<h2>40\u00b0 &#8211; 70cl &#8211; Origine Ecosse<\/h2>\n<p>Le whisky \u00e9cossais Mac Na Mara Port Finish est un blend \u00e9cossais ayant b\u00e9n\u00e9fici\u00e9 d\u2019une double maturation en ex-f\u00fbts de Porto. Ce finish apporte une nouvelle dimension aromatique au blend originel. Son nez vineux r\u00e9v\u00e8le des notes de fruits secs et d\u2019\u00e9pices. La bouche est \u00e9quilibr\u00e9e et fruit\u00e9e. Des saveurs de fruits rouges \u00e9voluent sur les \u00e9pices douces pour une finale bois\u00e9e. Mac Na Mara, qui signifie \u00ab fils de la mer \u00bb en ga\u00e9lique, est un blend \u00e9quilibr\u00e9 et accessible.<\/p>\n<p>NEZ<br \/>\nouvert, vineux, fruits secs, \u00e9pices<\/p>\n<p>BOUCHE<br \/>\n\u00e9quilibr\u00e9e, fruit\u00e9e, \u00e9pices douces, fruits rouges<\/p>\n<p>FINALE<br \/>\ncourte, bois\u00e9e<\/p>\n","protected":false},"excerpt":{"rendered":"<p>40\u00b0 &#8211; 70cl &#8211; Origine Ecosse Le whisky \u00e9cossais Mac Na Mara Port Finish est un blend \u00e9cossais ayant b\u00e9n\u00e9fici\u00e9 d\u2019une double maturation en ex-f\u00fbts de Porto. Ce finish apporte une nouvelle dimension aromatique au blend originel. Son nez vineux r\u00e9v\u00e8le des notes de fruits secs et d\u2019\u00e9pices. La bouche est \u00e9quilibr\u00e9e et fruit\u00e9e. Des<\/p>\n<div class=\"more-link\">\n             <a href=\"https:\/\/kiosk.caves-guerin.fr\/index.php\/produit\/mac-na-mara-port-cask-finish\/\" class=\"theme-btn\"><span>Continue Reading <\/span><i class=\"bi bi-arrow-right\"><\/i><\/a>\n        <\/div>\n","protected":false},"featured_media":456,"comment_status":"open","ping_status":"closed","template":"","meta":[],"product_brand":[],"product_cat":[22],"product_tag":[],"class_list":{"0":"post-455","1":"product","2":"type-product","3":"status-publish","4":"has-post-thumbnail","6":"product_cat-whisky","8":"first","9":"instock","10":"shipping-taxable","11":"product-type-simple"},"_links":{"self":[{"href":"https:\/\/kiosk.caves-guerin.fr\/index.php\/wp-json\/wp\/v2\/product\/455","targetHints":{"allow":["GET"]}}],"collection":[{"href":"https:\/\/kiosk.caves-guerin.fr\/index.php\/wp-json\/wp\/v2\/product"}],"about":[{"href":"https:\/\/kiosk.caves-guerin.fr\/index.php\/wp-json\/wp\/v2\/types\/product"}],"replies":[{"embeddable":true,"href":"https:\/\/kiosk.caves-guerin.fr\/index.php\/wp-json\/wp\/v2\/comments?post=455"}],"wp:featuredmedia":[{"embeddable":true,"href":"https:\/\/kiosk.caves-guerin.fr\/index.php\/wp-json\/wp\/v2\/media\/456"}],"wp:attachment":[{"href":"https:\/\/kiosk.caves-guerin.fr\/index.php\/wp-json\/wp\/v2\/media?parent=455"}],"wp:term":[{"taxonomy":"product_brand","embeddable":true,"href":"https:\/\/kiosk.caves-guerin.fr\/index.php\/wp-json\/wp\/v2\/product_brand?post=455"},{"taxonomy":"product_cat","embeddable":true,"href":"https:\/\/kiosk.caves-guerin.fr\/index.php\/wp-json\/wp\/v2\/product_cat?post=455"},{"taxonomy":"product_tag","embeddable":true,"href":"https:\/\/kiosk.caves-guerin.fr\/index.php\/wp-json\/wp\/v2\/product_tag?post=455"}],"curies":[{"name":"wp","href":"https:\/\/api.w.org\/{rel}","templated":true}]}}