{"id":453,"date":"2025-11-21T15:12:21","date_gmt":"2025-11-21T14:12:21","guid":{"rendered":"https:\/\/kiosk.caves-guerin.fr\/?post_type=product&#038;p=453"},"modified":"2025-11-21T15:16:04","modified_gmt":"2025-11-21T14:16:04","slug":"mac-na-mara","status":"publish","type":"product","link":"https:\/\/kiosk.caves-guerin.fr\/index.php\/produit\/mac-na-mara\/","title":{"rendered":"MAC NA MARA"},"content":{"rendered":"<h2>40\u00b0 &#8211; 70cl &#8211; Origine Ecosse<\/h2>\n<p>AR\u00d4ME<\/p>\n<p>Caramel &#8211; Vanille<\/p>\n<p>NEZ<br \/>\nIntense, viril, poivr\u00e9.<\/p>\n<p>BOUCHE<br \/>\nSouple, fruits secs, caramel.<\/p>\n<p>FINALE<br \/>\nBruy\u00e8re, \u00e9pic\u00e9e.<\/p>\n","protected":false},"excerpt":{"rendered":"<p>40\u00b0 &#8211; 70cl &#8211; Origine Ecosse AR\u00d4ME Caramel &#8211; Vanille NEZ Intense, viril, poivr\u00e9. BOUCHE Souple, fruits secs, caramel. FINALE Bruy\u00e8re, \u00e9pic\u00e9e.<\/p>\n","protected":false},"featured_media":454,"comment_status":"open","ping_status":"closed","template":"","meta":[],"product_brand":[],"product_cat":[22],"product_tag":[],"class_list":{"0":"post-453","1":"product","2":"type-product","3":"status-publish","4":"has-post-thumbnail","6":"product_cat-whisky","8":"first","9":"instock","10":"shipping-taxable","11":"product-type-simple"},"_links":{"self":[{"href":"https:\/\/kiosk.caves-guerin.fr\/index.php\/wp-json\/wp\/v2\/product\/453","targetHints":{"allow":["GET"]}}],"collection":[{"href":"https:\/\/kiosk.caves-guerin.fr\/index.php\/wp-json\/wp\/v2\/product"}],"about":[{"href":"https:\/\/kiosk.caves-guerin.fr\/index.php\/wp-json\/wp\/v2\/types\/product"}],"replies":[{"embeddable":true,"href":"https:\/\/kiosk.caves-guerin.fr\/index.php\/wp-json\/wp\/v2\/comments?post=453"}],"wp:featuredmedia":[{"embeddable":true,"href":"https:\/\/kiosk.caves-guerin.fr\/index.php\/wp-json\/wp\/v2\/media\/454"}],"wp:attachment":[{"href":"https:\/\/kiosk.caves-guerin.fr\/index.php\/wp-json\/wp\/v2\/media?parent=453"}],"wp:term":[{"taxonomy":"product_brand","embeddable":true,"href":"https:\/\/kiosk.caves-guerin.fr\/index.php\/wp-json\/wp\/v2\/product_brand?post=453"},{"taxonomy":"product_cat","embeddable":true,"href":"https:\/\/kiosk.caves-guerin.fr\/index.php\/wp-json\/wp\/v2\/product_cat?post=453"},{"taxonomy":"product_tag","embeddable":true,"href":"https:\/\/kiosk.caves-guerin.fr\/index.php\/wp-json\/wp\/v2\/product_tag?post=453"}],"curies":[{"name":"wp","href":"https:\/\/api.w.org\/{rel}","templated":true}]}}