{"id":451,"date":"2025-11-21T15:09:53","date_gmt":"2025-11-21T14:09:53","guid":{"rendered":"https:\/\/kiosk.caves-guerin.fr\/?post_type=product&#038;p=451"},"modified":"2025-11-21T15:11:35","modified_gmt":"2025-11-21T14:11:35","slug":"ti-arranges-de-ced-litchi-tangelolo","status":"publish","type":"product","link":"https:\/\/kiosk.caves-guerin.fr\/index.php\/produit\/ti-arranges-de-ced-litchi-tangelolo\/","title":{"rendered":"TI ARRANG\u00c9S DE CED\u2019 LITCHI TANGELOLO"},"content":{"rendered":"<h2>32\u00b0 &#8211; 70cl &#8211; Origine France<\/h2>\n<p>Ti Ced Litchi Tangelolo est une nouvelle recette 100% originale et artisanale \u00e9labor\u00e9e par l\u2019Atelier Ti Ced. Le tangelolo est un petit agrume qui se rapproche de la cl\u00e9mentine et du pamplemousse qui, dans cette mac\u00e9ration, est mari\u00e9 \u00e0 du rhum agricole de Guadeloupe et de Martinique. Le litchi, comme le tangelolo sont r\u00e9colt\u00e9s \u00e0 maturit\u00e9 naturelle, d\u00e9coup\u00e9s au couteau et mis en bouteille \u00e0 la main le jour de leur r\u00e9ception \u00e0 l\u2019Atelier. Au nez, le pur jus de canne domine avec des notes acidul\u00e9es d\u2019agrumes. En bouche, l\u2019attaque est gourmande et douce sur le litchi. Les notes acidul\u00e9es apport\u00e9es par le tangelolo am\u00e8nent \u00e0 une finale pleine de fra\u00eecheur.<\/p>\n<p>NEZ<br \/>\nfrais, exotique, agrumes acidul\u00e9s<\/p>\n<p>BOUCHE<br \/>\ngourmande, douce, litchi, acidul\u00e9e<\/p>\n<p>FINALE<br \/>\nfra\u00eeche, agrumes<\/p>\n","protected":false},"excerpt":{"rendered":"<p>32\u00b0 &#8211; 70cl &#8211; Origine France Ti Ced Litchi Tangelolo est une nouvelle recette 100% originale et artisanale \u00e9labor\u00e9e par l\u2019Atelier Ti Ced. Le tangelolo est un petit agrume qui se rapproche de la cl\u00e9mentine et du pamplemousse qui, dans cette mac\u00e9ration, est mari\u00e9 \u00e0 du rhum agricole de Guadeloupe et de Martinique. Le litchi,<\/p>\n<div class=\"more-link\">\n             <a href=\"https:\/\/kiosk.caves-guerin.fr\/index.php\/produit\/ti-arranges-de-ced-litchi-tangelolo\/\" class=\"theme-btn\"><span>Continue Reading <\/span><i class=\"bi bi-arrow-right\"><\/i><\/a>\n        <\/div>\n","protected":false},"featured_media":452,"comment_status":"open","ping_status":"closed","template":"","meta":[],"product_brand":[],"product_cat":[21],"product_tag":[],"class_list":{"0":"post-451","1":"product","2":"type-product","3":"status-publish","4":"has-post-thumbnail","6":"product_cat-rhums","8":"first","9":"instock","10":"shipping-taxable","11":"product-type-simple"},"_links":{"self":[{"href":"https:\/\/kiosk.caves-guerin.fr\/index.php\/wp-json\/wp\/v2\/product\/451","targetHints":{"allow":["GET"]}}],"collection":[{"href":"https:\/\/kiosk.caves-guerin.fr\/index.php\/wp-json\/wp\/v2\/product"}],"about":[{"href":"https:\/\/kiosk.caves-guerin.fr\/index.php\/wp-json\/wp\/v2\/types\/product"}],"replies":[{"embeddable":true,"href":"https:\/\/kiosk.caves-guerin.fr\/index.php\/wp-json\/wp\/v2\/comments?post=451"}],"wp:featuredmedia":[{"embeddable":true,"href":"https:\/\/kiosk.caves-guerin.fr\/index.php\/wp-json\/wp\/v2\/media\/452"}],"wp:attachment":[{"href":"https:\/\/kiosk.caves-guerin.fr\/index.php\/wp-json\/wp\/v2\/media?parent=451"}],"wp:term":[{"taxonomy":"product_brand","embeddable":true,"href":"https:\/\/kiosk.caves-guerin.fr\/index.php\/wp-json\/wp\/v2\/product_brand?post=451"},{"taxonomy":"product_cat","embeddable":true,"href":"https:\/\/kiosk.caves-guerin.fr\/index.php\/wp-json\/wp\/v2\/product_cat?post=451"},{"taxonomy":"product_tag","embeddable":true,"href":"https:\/\/kiosk.caves-guerin.fr\/index.php\/wp-json\/wp\/v2\/product_tag?post=451"}],"curies":[{"name":"wp","href":"https:\/\/api.w.org\/{rel}","templated":true}]}}