{"id":449,"date":"2025-11-21T15:08:09","date_gmt":"2025-11-21T14:08:09","guid":{"rendered":"https:\/\/kiosk.caves-guerin.fr\/?post_type=product&#038;p=449"},"modified":"2025-11-21T15:09:18","modified_gmt":"2025-11-21T14:09:18","slug":"la-maison-du-rhum-tradition-francaise-xo","status":"publish","type":"product","link":"https:\/\/kiosk.caves-guerin.fr\/index.php\/produit\/la-maison-du-rhum-tradition-francaise-xo\/","title":{"rendered":"LA MAISON DU RHUM &#8211; TRADITION FRAN\u00c7AISE XO"},"content":{"rendered":"<h2>42\u00b0 &#8211; 70cl &#8211; Origine Monde<\/h2>\n<p>Le rhum La Maison du Rhum tradition fran\u00e7aise XO est \u00e9labor\u00e9 \u00e0 partir de pur jus de canne de l\u2019\u00eele Maurice. Il rend hommage au style fran\u00e7ais. Des notes de canne fra\u00eeche saupoudr\u00e9e d\u2019\u00e9pices gourmandes sont nuanc\u00e9es par un bois\u00e9 fondu. Chaque embouteillage est r\u00e9alis\u00e9 avec pr\u00e9cision afin de pr\u00e9server le caract\u00e8re original de la cuv\u00e9e s\u00e9lectionn\u00e9e.<\/p>\n<p>NEZ<br \/>\n\u00e9pic\u00e9, vanille, rancio<\/p>\n<p>BOUCHE<br \/>\nfruits jaunes, bois\u00e9 fondu, \u00e9pices douces<\/p>\n<p>FINALE<br \/>\nfruits exotiques, bois\u00e9e<\/p>\n","protected":false},"excerpt":{"rendered":"<p>42\u00b0 &#8211; 70cl &#8211; Origine Monde Le rhum La Maison du Rhum tradition fran\u00e7aise XO est \u00e9labor\u00e9 \u00e0 partir de pur jus de canne de l\u2019\u00eele Maurice. Il rend hommage au style fran\u00e7ais. Des notes de canne fra\u00eeche saupoudr\u00e9e d\u2019\u00e9pices gourmandes sont nuanc\u00e9es par un bois\u00e9 fondu. Chaque embouteillage est r\u00e9alis\u00e9 avec pr\u00e9cision afin de<\/p>\n<div class=\"more-link\">\n             <a href=\"https:\/\/kiosk.caves-guerin.fr\/index.php\/produit\/la-maison-du-rhum-tradition-francaise-xo\/\" class=\"theme-btn\"><span>Continue Reading <\/span><i class=\"bi bi-arrow-right\"><\/i><\/a>\n        <\/div>\n","protected":false},"featured_media":450,"comment_status":"open","ping_status":"closed","template":"","meta":[],"product_brand":[],"product_cat":[21],"product_tag":[],"class_list":{"0":"post-449","1":"product","2":"type-product","3":"status-publish","4":"has-post-thumbnail","6":"product_cat-rhums","8":"first","9":"instock","10":"shipping-taxable","11":"product-type-simple"},"_links":{"self":[{"href":"https:\/\/kiosk.caves-guerin.fr\/index.php\/wp-json\/wp\/v2\/product\/449","targetHints":{"allow":["GET"]}}],"collection":[{"href":"https:\/\/kiosk.caves-guerin.fr\/index.php\/wp-json\/wp\/v2\/product"}],"about":[{"href":"https:\/\/kiosk.caves-guerin.fr\/index.php\/wp-json\/wp\/v2\/types\/product"}],"replies":[{"embeddable":true,"href":"https:\/\/kiosk.caves-guerin.fr\/index.php\/wp-json\/wp\/v2\/comments?post=449"}],"wp:featuredmedia":[{"embeddable":true,"href":"https:\/\/kiosk.caves-guerin.fr\/index.php\/wp-json\/wp\/v2\/media\/450"}],"wp:attachment":[{"href":"https:\/\/kiosk.caves-guerin.fr\/index.php\/wp-json\/wp\/v2\/media?parent=449"}],"wp:term":[{"taxonomy":"product_brand","embeddable":true,"href":"https:\/\/kiosk.caves-guerin.fr\/index.php\/wp-json\/wp\/v2\/product_brand?post=449"},{"taxonomy":"product_cat","embeddable":true,"href":"https:\/\/kiosk.caves-guerin.fr\/index.php\/wp-json\/wp\/v2\/product_cat?post=449"},{"taxonomy":"product_tag","embeddable":true,"href":"https:\/\/kiosk.caves-guerin.fr\/index.php\/wp-json\/wp\/v2\/product_tag?post=449"}],"curies":[{"name":"wp","href":"https:\/\/api.w.org\/{rel}","templated":true}]}}