{"id":443,"date":"2025-11-21T14:59:22","date_gmt":"2025-11-21T13:59:22","guid":{"rendered":"https:\/\/kiosk.caves-guerin.fr\/?post_type=product&#038;p=443"},"modified":"2025-11-21T15:00:30","modified_gmt":"2025-11-21T14:00:30","slug":"la-maison-du-rhum-perou","status":"publish","type":"product","link":"https:\/\/kiosk.caves-guerin.fr\/index.php\/produit\/la-maison-du-rhum-perou\/","title":{"rendered":"LA MAISON DU RHUM &#8211; PEROU"},"content":{"rendered":"<h2>45\u00b0 &#8211; 70cl &#8211; Origine P\u00e9rou<\/h2>\n<p>Pour ce nouveau batch, La Maison du Rhum a s\u00e9lectionn\u00e9 ce rhum vieux chez Millonario. Distill\u00e9 en 2014, il a d\u2019abord \u00e9t\u00e9 vieilli<br \/>\nen ex-f\u00fbts de Bourbon avant d\u2019\u00eatre affin\u00e9 un an en ex-f\u00fbts de X\u00e9r\u00e8s. Cette \u00e9dition limit\u00e9e r\u00e9v\u00e8le un profil aromatique gourmand<br \/>\net \u00e9quilibr\u00e9. Le nez r\u00e9v\u00e8le une belle fra\u00eecheur o\u00f9 le cacao se m\u00eale \u00e0 la r\u00e9glisse. En bouche, l\u2019attaque est souple, marqu\u00e9e par<br \/>\ndes saveurs de moka et de vanille rehauss\u00e9es par des \u00e9pices douces et un bois\u00e9 fondu.<\/p>\n<p>NEZ<br \/>\nv\u00e9g\u00e9tal, cacao, pointe de r\u00e9glisse<\/p>\n<p>BOUCHE<br \/>\nsouple, riche, moka, vanille, \u00e9pices douces<\/p>\n<p>FINALE<br \/>\nbelle longueur, bois\u00e9 fondu<\/p>\n","protected":false},"excerpt":{"rendered":"<p>45\u00b0 &#8211; 70cl &#8211; Origine P\u00e9rou Pour ce nouveau batch, La Maison du Rhum a s\u00e9lectionn\u00e9 ce rhum vieux chez Millonario. Distill\u00e9 en 2014, il a d\u2019abord \u00e9t\u00e9 vieilli en ex-f\u00fbts de Bourbon avant d\u2019\u00eatre affin\u00e9 un an en ex-f\u00fbts de X\u00e9r\u00e8s. Cette \u00e9dition limit\u00e9e r\u00e9v\u00e8le un profil aromatique gourmand et \u00e9quilibr\u00e9. Le nez r\u00e9v\u00e8le<\/p>\n<div class=\"more-link\">\n             <a href=\"https:\/\/kiosk.caves-guerin.fr\/index.php\/produit\/la-maison-du-rhum-perou\/\" class=\"theme-btn\"><span>Continue Reading <\/span><i class=\"bi bi-arrow-right\"><\/i><\/a>\n        <\/div>\n","protected":false},"featured_media":444,"comment_status":"open","ping_status":"closed","template":"","meta":[],"product_brand":[],"product_cat":[21],"product_tag":[],"class_list":{"0":"post-443","1":"product","2":"type-product","3":"status-publish","4":"has-post-thumbnail","6":"product_cat-rhums","8":"first","9":"instock","10":"shipping-taxable","11":"product-type-simple"},"_links":{"self":[{"href":"https:\/\/kiosk.caves-guerin.fr\/index.php\/wp-json\/wp\/v2\/product\/443","targetHints":{"allow":["GET"]}}],"collection":[{"href":"https:\/\/kiosk.caves-guerin.fr\/index.php\/wp-json\/wp\/v2\/product"}],"about":[{"href":"https:\/\/kiosk.caves-guerin.fr\/index.php\/wp-json\/wp\/v2\/types\/product"}],"replies":[{"embeddable":true,"href":"https:\/\/kiosk.caves-guerin.fr\/index.php\/wp-json\/wp\/v2\/comments?post=443"}],"wp:featuredmedia":[{"embeddable":true,"href":"https:\/\/kiosk.caves-guerin.fr\/index.php\/wp-json\/wp\/v2\/media\/444"}],"wp:attachment":[{"href":"https:\/\/kiosk.caves-guerin.fr\/index.php\/wp-json\/wp\/v2\/media?parent=443"}],"wp:term":[{"taxonomy":"product_brand","embeddable":true,"href":"https:\/\/kiosk.caves-guerin.fr\/index.php\/wp-json\/wp\/v2\/product_brand?post=443"},{"taxonomy":"product_cat","embeddable":true,"href":"https:\/\/kiosk.caves-guerin.fr\/index.php\/wp-json\/wp\/v2\/product_cat?post=443"},{"taxonomy":"product_tag","embeddable":true,"href":"https:\/\/kiosk.caves-guerin.fr\/index.php\/wp-json\/wp\/v2\/product_tag?post=443"}],"curies":[{"name":"wp","href":"https:\/\/api.w.org\/{rel}","templated":true}]}}