{"id":441,"date":"2025-11-21T14:56:35","date_gmt":"2025-11-21T13:56:35","guid":{"rendered":"https:\/\/kiosk.caves-guerin.fr\/?post_type=product&#038;p=441"},"modified":"2025-11-21T14:58:55","modified_gmt":"2025-11-21T13:58:55","slug":"hibiki-japanese-harmony","status":"publish","type":"product","link":"https:\/\/kiosk.caves-guerin.fr\/index.php\/produit\/hibiki-japanese-harmony\/","title":{"rendered":"HIBIKI JAPANESE HARMONY"},"content":{"rendered":"<h2>43\u00b0 &#8211; 70cl &#8211; Origine Japon<\/h2>\n<p>Le whisky japonais Hibiki Harmony reprend le concept japonais de \u00ab\u00a0Wa\u00a0\u00bb ou d&rsquo;unicit\u00e9\/harmonie. Le whisky Hibiki Harmony est un assemblage m\u00e9ticuleux de whiskies japonais de malt et de grain soigneusement s\u00e9lectionn\u00e9s chez Yamazaki, Chita et Hakushu, qui s&rsquo;assemblent en harmonie. Il rend hommage \u00e0 l&rsquo;artisanat et \u00e0 la nature, en particulier aux 24 expressions de la nature que l&rsquo;on retrouve traditionnellement dans le calendrier japonais. La bouteille, qui se distingue par ses 24 facettes, en est le reflet. Cet assemblage minutieux de whiskies japonais fabriqu\u00e9s \u00e0 la main cr\u00e9e un orchestre de saveurs sucr\u00e9es, florales et bois\u00e9es.<\/p>\n<p>NEZ<br \/>\nlychee, rose, romarin, bois de santal<\/p>\n<p>BOUCHE<br \/>\ncomplexe, miel, \u00e9corces d&rsquo;orange confites, chocolat blanc<\/p>\n<p>FINALE<br \/>\nlongue, ch\u00eane de Mizunara<\/p>\n","protected":false},"excerpt":{"rendered":"<p>43\u00b0 &#8211; 70cl &#8211; Origine Japon Le whisky japonais Hibiki Harmony reprend le concept japonais de \u00ab\u00a0Wa\u00a0\u00bb ou d&rsquo;unicit\u00e9\/harmonie. Le whisky Hibiki Harmony est un assemblage m\u00e9ticuleux de whiskies japonais de malt et de grain soigneusement s\u00e9lectionn\u00e9s chez Yamazaki, Chita et Hakushu, qui s&rsquo;assemblent en harmonie. Il rend hommage \u00e0 l&rsquo;artisanat et \u00e0 la nature,<\/p>\n<div class=\"more-link\">\n             <a href=\"https:\/\/kiosk.caves-guerin.fr\/index.php\/produit\/hibiki-japanese-harmony\/\" class=\"theme-btn\"><span>Continue Reading <\/span><i class=\"bi bi-arrow-right\"><\/i><\/a>\n        <\/div>\n","protected":false},"featured_media":442,"comment_status":"open","ping_status":"closed","template":"","meta":[],"product_brand":[],"product_cat":[22],"product_tag":[],"class_list":{"0":"post-441","1":"product","2":"type-product","3":"status-publish","4":"has-post-thumbnail","6":"product_cat-whisky","8":"first","9":"instock","10":"shipping-taxable","11":"product-type-simple"},"_links":{"self":[{"href":"https:\/\/kiosk.caves-guerin.fr\/index.php\/wp-json\/wp\/v2\/product\/441","targetHints":{"allow":["GET"]}}],"collection":[{"href":"https:\/\/kiosk.caves-guerin.fr\/index.php\/wp-json\/wp\/v2\/product"}],"about":[{"href":"https:\/\/kiosk.caves-guerin.fr\/index.php\/wp-json\/wp\/v2\/types\/product"}],"replies":[{"embeddable":true,"href":"https:\/\/kiosk.caves-guerin.fr\/index.php\/wp-json\/wp\/v2\/comments?post=441"}],"wp:featuredmedia":[{"embeddable":true,"href":"https:\/\/kiosk.caves-guerin.fr\/index.php\/wp-json\/wp\/v2\/media\/442"}],"wp:attachment":[{"href":"https:\/\/kiosk.caves-guerin.fr\/index.php\/wp-json\/wp\/v2\/media?parent=441"}],"wp:term":[{"taxonomy":"product_brand","embeddable":true,"href":"https:\/\/kiosk.caves-guerin.fr\/index.php\/wp-json\/wp\/v2\/product_brand?post=441"},{"taxonomy":"product_cat","embeddable":true,"href":"https:\/\/kiosk.caves-guerin.fr\/index.php\/wp-json\/wp\/v2\/product_cat?post=441"},{"taxonomy":"product_tag","embeddable":true,"href":"https:\/\/kiosk.caves-guerin.fr\/index.php\/wp-json\/wp\/v2\/product_tag?post=441"}],"curies":[{"name":"wp","href":"https:\/\/api.w.org\/{rel}","templated":true}]}}