{"id":429,"date":"2025-11-21T14:43:15","date_gmt":"2025-11-21T13:43:15","guid":{"rendered":"https:\/\/kiosk.caves-guerin.fr\/?post_type=product&#038;p=429"},"modified":"2025-11-22T08:04:15","modified_gmt":"2025-11-22T07:04:15","slug":"don-papa-baroko-canister-institutionnel","status":"publish","type":"product","link":"https:\/\/kiosk.caves-guerin.fr\/index.php\/produit\/don-papa-baroko-canister-institutionnel\/","title":{"rendered":"RHUM DON PAPA ALON NAKED"},"content":{"rendered":"<h2>40\u00b0 &#8211; 70cl &#8211; Origine Philippines<\/h2>\n<p>Boisson spiritueuse \u00e0 base de m\u00e9lasse infus\u00e9e aux ar\u00f4mes de noix de coco.<\/p>\n<p>NEZ<br \/>\nTropical, noix de coco, agrumes (jaquier) et vanille<\/p>\n<p>BOUCHE<br \/>\nRiche et onctueux, coco cr\u00e9meuse, agrumes et piment<\/p>\n<p>FINALE<br \/>\nLongue et persistante, coco, vanille et ananas<\/p>\n","protected":false},"excerpt":{"rendered":"<p>40\u00b0 &#8211; 70cl &#8211; Origine Philippines Boisson spiritueuse \u00e0 base de m\u00e9lasse infus\u00e9e aux ar\u00f4mes de noix de coco. NEZ Tropical, noix de coco, agrumes (jaquier) et vanille BOUCHE Riche et onctueux, coco cr\u00e9meuse, agrumes et piment FINALE Longue et persistante, coco, vanille et ananas<\/p>\n","protected":false},"featured_media":495,"comment_status":"open","ping_status":"closed","template":"","meta":[],"product_brand":[],"product_cat":[21],"product_tag":[],"class_list":{"0":"post-429","1":"product","2":"type-product","3":"status-publish","4":"has-post-thumbnail","6":"product_cat-rhums","8":"first","9":"instock","10":"shipping-taxable","11":"product-type-simple"},"_links":{"self":[{"href":"https:\/\/kiosk.caves-guerin.fr\/index.php\/wp-json\/wp\/v2\/product\/429","targetHints":{"allow":["GET"]}}],"collection":[{"href":"https:\/\/kiosk.caves-guerin.fr\/index.php\/wp-json\/wp\/v2\/product"}],"about":[{"href":"https:\/\/kiosk.caves-guerin.fr\/index.php\/wp-json\/wp\/v2\/types\/product"}],"replies":[{"embeddable":true,"href":"https:\/\/kiosk.caves-guerin.fr\/index.php\/wp-json\/wp\/v2\/comments?post=429"}],"wp:featuredmedia":[{"embeddable":true,"href":"https:\/\/kiosk.caves-guerin.fr\/index.php\/wp-json\/wp\/v2\/media\/495"}],"wp:attachment":[{"href":"https:\/\/kiosk.caves-guerin.fr\/index.php\/wp-json\/wp\/v2\/media?parent=429"}],"wp:term":[{"taxonomy":"product_brand","embeddable":true,"href":"https:\/\/kiosk.caves-guerin.fr\/index.php\/wp-json\/wp\/v2\/product_brand?post=429"},{"taxonomy":"product_cat","embeddable":true,"href":"https:\/\/kiosk.caves-guerin.fr\/index.php\/wp-json\/wp\/v2\/product_cat?post=429"},{"taxonomy":"product_tag","embeddable":true,"href":"https:\/\/kiosk.caves-guerin.fr\/index.php\/wp-json\/wp\/v2\/product_tag?post=429"}],"curies":[{"name":"wp","href":"https:\/\/api.w.org\/{rel}","templated":true}]}}