{"id":427,"date":"2025-11-21T14:39:21","date_gmt":"2025-11-21T13:39:21","guid":{"rendered":"https:\/\/kiosk.caves-guerin.fr\/?post_type=product&#038;p=427"},"modified":"2025-11-21T14:48:23","modified_gmt":"2025-11-21T13:48:23","slug":"coloma-coffee-smoked","status":"publish","type":"product","link":"https:\/\/kiosk.caves-guerin.fr\/index.php\/produit\/coloma-coffee-smoked\/","title":{"rendered":"COLOMA COFFEE SMOKED"},"content":{"rendered":"<h2>42\u00b0 &#8211; 70cl &#8211; Origine Colombie<\/h2>\n<p>Coloma Coffee Smoked est la derni\u00e8re cr\u00e9ation de rhum de la Hacienda Coloma. C\u2019est au coeur des montagnes des Andes en Colombie, dans une maison coloniale centenaire entour\u00e9e par la plantation familiale de caf\u00e9 qu\u2019est n\u00e9e l\u2019id\u00e9e d\u2019un rhum vieux fum\u00e9 au caf\u00e9 : Coloma Coffee Smoked. Vieilli en f\u00fbts de ch\u00eane am\u00e9ricain pendant 8 ans, le rhum vieux a ensuite b\u00e9n\u00e9fici\u00e9 d\u2019une finition en ex-f\u00fbts de liqueur de caf\u00e9 de la Hacienda puis dans des f\u00fbts ayant capt\u00e9 les ar\u00f4mes de fum\u00e9e du processus de torr\u00e9faction de caf\u00e9 \u00e0 l\u2019Hacienda Coloma. R\u00e9sultat : un rhum au profil aromatique original et atypique. Son nez l\u00e9g\u00e8rement fum\u00e9 r\u00e9v\u00e8le des ar\u00f4mes de caf\u00e9 torr\u00e9fi\u00e9 et d\u2019\u00e9pices. En bouche, des notes douces de caf\u00e9 torr\u00e9fi\u00e9 et de ch\u00eane fum\u00e9 se m\u00ealent \u00e0 une texture velout\u00e9e pleine de saveurs. En finale, des saveurs persistantes de moka fum\u00e9 t\u00e9moignent d\u2019une m\u00e9thode de finition unique en son genre.<\/p>\n<p>NEZ<br \/>\ncaf\u00e9, l\u00e9g\u00e8rement fum\u00e9, bois\u00e9, m\u00e9lasse, \u00e9pices, paprika fum\u00e9<\/p>\n<p>BOUCHE<br \/>\ncaf\u00e9 torr\u00e9fi\u00e9, bois fum\u00e9, vanille<\/p>\n<p>FINALE<br \/>\nmoka, fum\u00e9e<\/p>\n","protected":false},"excerpt":{"rendered":"<p>42\u00b0 &#8211; 70cl &#8211; Origine Colombie Coloma Coffee Smoked est la derni\u00e8re cr\u00e9ation de rhum de la Hacienda Coloma. C\u2019est au coeur des montagnes des Andes en Colombie, dans une maison coloniale centenaire entour\u00e9e par la plantation familiale de caf\u00e9 qu\u2019est n\u00e9e l\u2019id\u00e9e d\u2019un rhum vieux fum\u00e9 au caf\u00e9 : Coloma Coffee Smoked. Vieilli en<\/p>\n<div class=\"more-link\">\n             <a href=\"https:\/\/kiosk.caves-guerin.fr\/index.php\/produit\/coloma-coffee-smoked\/\" class=\"theme-btn\"><span>Continue Reading <\/span><i class=\"bi bi-arrow-right\"><\/i><\/a>\n        <\/div>\n","protected":false},"featured_media":428,"comment_status":"open","ping_status":"closed","template":"","meta":[],"product_brand":[],"product_cat":[21],"product_tag":[],"class_list":{"0":"post-427","1":"product","2":"type-product","3":"status-publish","4":"has-post-thumbnail","6":"product_cat-rhums","8":"first","9":"instock","10":"shipping-taxable","11":"product-type-simple"},"_links":{"self":[{"href":"https:\/\/kiosk.caves-guerin.fr\/index.php\/wp-json\/wp\/v2\/product\/427","targetHints":{"allow":["GET"]}}],"collection":[{"href":"https:\/\/kiosk.caves-guerin.fr\/index.php\/wp-json\/wp\/v2\/product"}],"about":[{"href":"https:\/\/kiosk.caves-guerin.fr\/index.php\/wp-json\/wp\/v2\/types\/product"}],"replies":[{"embeddable":true,"href":"https:\/\/kiosk.caves-guerin.fr\/index.php\/wp-json\/wp\/v2\/comments?post=427"}],"wp:featuredmedia":[{"embeddable":true,"href":"https:\/\/kiosk.caves-guerin.fr\/index.php\/wp-json\/wp\/v2\/media\/428"}],"wp:attachment":[{"href":"https:\/\/kiosk.caves-guerin.fr\/index.php\/wp-json\/wp\/v2\/media?parent=427"}],"wp:term":[{"taxonomy":"product_brand","embeddable":true,"href":"https:\/\/kiosk.caves-guerin.fr\/index.php\/wp-json\/wp\/v2\/product_brand?post=427"},{"taxonomy":"product_cat","embeddable":true,"href":"https:\/\/kiosk.caves-guerin.fr\/index.php\/wp-json\/wp\/v2\/product_cat?post=427"},{"taxonomy":"product_tag","embeddable":true,"href":"https:\/\/kiosk.caves-guerin.fr\/index.php\/wp-json\/wp\/v2\/product_tag?post=427"}],"curies":[{"name":"wp","href":"https:\/\/api.w.org\/{rel}","templated":true}]}}