{"id":423,"date":"2025-11-21T14:35:18","date_gmt":"2025-11-21T13:35:18","guid":{"rendered":"https:\/\/kiosk.caves-guerin.fr\/?post_type=product&#038;p=423"},"modified":"2025-11-21T14:47:19","modified_gmt":"2025-11-21T13:47:19","slug":"coloma-15-ans","status":"publish","type":"product","link":"https:\/\/kiosk.caves-guerin.fr\/index.php\/produit\/coloma-15-ans\/","title":{"rendered":"COLOMA 15 ANS"},"content":{"rendered":"<h2>40\u00b0 &#8211; 70cl &#8211; Origine Colombie<\/h2>\n<p>AR\u00d4ME<\/p>\n<p>Caf\u00e9 &#8211; Vanille<\/p>\n<p>Distill\u00e9 \u00e0 partir de m\u00e9lasse de deux vari\u00e9t\u00e9s de canne, Coloma 15 ans est vieilli dans des f\u00fbts de ch\u00eane am\u00e9ricain, utilis\u00e9s une fois pour vieillir du bourbon. S\u2019ajoute une finition de minimum 5 mois dans des f\u00fbts de ch\u00eane ex-liqueur de caf\u00e9. Coloma 15 ans est ensuite hydrat\u00e9 avec de l\u00b4eau de source provenant des volcans de la cordill\u00e8re colombienne, puis filtr\u00e9 et mis en bouteille \u00e0 l\u2019Hacienda Coloma.<\/p>\n<p>NEZ<br \/>\nvanille, chocolat amer, caf\u00e9.<\/p>\n<p>BOUCHE<br \/>\nmocha, bois\u00e9e, torr\u00e9fi\u00e9e.<\/p>\n<p>FINALE<br \/>\ndouce &amp; longue.<\/p>\n","protected":false},"excerpt":{"rendered":"<p>40\u00b0 &#8211; 70cl &#8211; Origine Colombie AR\u00d4ME Caf\u00e9 &#8211; Vanille Distill\u00e9 \u00e0 partir de m\u00e9lasse de deux vari\u00e9t\u00e9s de canne, Coloma 15 ans est vieilli dans des f\u00fbts de ch\u00eane am\u00e9ricain, utilis\u00e9s une fois pour vieillir du bourbon. S\u2019ajoute une finition de minimum 5 mois dans des f\u00fbts de ch\u00eane ex-liqueur de caf\u00e9. Coloma 15<\/p>\n<div class=\"more-link\">\n             <a href=\"https:\/\/kiosk.caves-guerin.fr\/index.php\/produit\/coloma-15-ans\/\" class=\"theme-btn\"><span>Continue Reading <\/span><i class=\"bi bi-arrow-right\"><\/i><\/a>\n        <\/div>\n","protected":false},"featured_media":424,"comment_status":"open","ping_status":"closed","template":"","meta":[],"product_brand":[],"product_cat":[21],"product_tag":[],"class_list":{"0":"post-423","1":"product","2":"type-product","3":"status-publish","4":"has-post-thumbnail","6":"product_cat-rhums","8":"first","9":"instock","10":"shipping-taxable","11":"product-type-simple"},"_links":{"self":[{"href":"https:\/\/kiosk.caves-guerin.fr\/index.php\/wp-json\/wp\/v2\/product\/423","targetHints":{"allow":["GET"]}}],"collection":[{"href":"https:\/\/kiosk.caves-guerin.fr\/index.php\/wp-json\/wp\/v2\/product"}],"about":[{"href":"https:\/\/kiosk.caves-guerin.fr\/index.php\/wp-json\/wp\/v2\/types\/product"}],"replies":[{"embeddable":true,"href":"https:\/\/kiosk.caves-guerin.fr\/index.php\/wp-json\/wp\/v2\/comments?post=423"}],"wp:featuredmedia":[{"embeddable":true,"href":"https:\/\/kiosk.caves-guerin.fr\/index.php\/wp-json\/wp\/v2\/media\/424"}],"wp:attachment":[{"href":"https:\/\/kiosk.caves-guerin.fr\/index.php\/wp-json\/wp\/v2\/media?parent=423"}],"wp:term":[{"taxonomy":"product_brand","embeddable":true,"href":"https:\/\/kiosk.caves-guerin.fr\/index.php\/wp-json\/wp\/v2\/product_brand?post=423"},{"taxonomy":"product_cat","embeddable":true,"href":"https:\/\/kiosk.caves-guerin.fr\/index.php\/wp-json\/wp\/v2\/product_cat?post=423"},{"taxonomy":"product_tag","embeddable":true,"href":"https:\/\/kiosk.caves-guerin.fr\/index.php\/wp-json\/wp\/v2\/product_tag?post=423"}],"curies":[{"name":"wp","href":"https:\/\/api.w.org\/{rel}","templated":true}]}}