{"id":421,"date":"2025-11-21T14:32:55","date_gmt":"2025-11-21T13:32:55","guid":{"rendered":"https:\/\/kiosk.caves-guerin.fr\/?post_type=product&#038;p=421"},"modified":"2025-11-21T14:47:00","modified_gmt":"2025-11-21T13:47:00","slug":"coloma-8-ans","status":"publish","type":"product","link":"https:\/\/kiosk.caves-guerin.fr\/index.php\/produit\/coloma-8-ans\/","title":{"rendered":"COLOMA 8 ANS"},"content":{"rendered":"<h2>40\u00b0 &#8211; 70cl &#8211; Origine Colombie<\/h2>\n<p>AR\u00d4ME<\/p>\n<p>Fruits secs &#8211; Vanille<\/p>\n<p>Gourmand sans exc\u00e8s, Coloma est un rhum \u00e0 la fois accessible et complexe. Il est vieilli pendant 8 ans \u00e0 la Hacienda Coloma (1700m d&rsquo;alt.) dans des f\u00fbts de ch\u00eane am\u00e9ricain.<\/p>\n<p>NEZ<br \/>\nCaf\u00e9, chocolat<\/p>\n<p>BOUCHE<br \/>\nvanille s\u00e8che, amande<\/p>\n<p>FINALE<br \/>\nonctueuse, persistante<\/p>\n","protected":false},"excerpt":{"rendered":"<p>40\u00b0 &#8211; 70cl &#8211; Origine Colombie AR\u00d4ME Fruits secs &#8211; Vanille Gourmand sans exc\u00e8s, Coloma est un rhum \u00e0 la fois accessible et complexe. Il est vieilli pendant 8 ans \u00e0 la Hacienda Coloma (1700m d&rsquo;alt.) dans des f\u00fbts de ch\u00eane am\u00e9ricain. NEZ Caf\u00e9, chocolat BOUCHE vanille s\u00e8che, amande FINALE onctueuse, persistante<\/p>\n","protected":false},"featured_media":422,"comment_status":"open","ping_status":"closed","template":"","meta":[],"product_brand":[],"product_cat":[21],"product_tag":[],"class_list":{"0":"post-421","1":"product","2":"type-product","3":"status-publish","4":"has-post-thumbnail","6":"product_cat-rhums","8":"first","9":"instock","10":"shipping-taxable","11":"product-type-simple"},"_links":{"self":[{"href":"https:\/\/kiosk.caves-guerin.fr\/index.php\/wp-json\/wp\/v2\/product\/421","targetHints":{"allow":["GET"]}}],"collection":[{"href":"https:\/\/kiosk.caves-guerin.fr\/index.php\/wp-json\/wp\/v2\/product"}],"about":[{"href":"https:\/\/kiosk.caves-guerin.fr\/index.php\/wp-json\/wp\/v2\/types\/product"}],"replies":[{"embeddable":true,"href":"https:\/\/kiosk.caves-guerin.fr\/index.php\/wp-json\/wp\/v2\/comments?post=421"}],"wp:featuredmedia":[{"embeddable":true,"href":"https:\/\/kiosk.caves-guerin.fr\/index.php\/wp-json\/wp\/v2\/media\/422"}],"wp:attachment":[{"href":"https:\/\/kiosk.caves-guerin.fr\/index.php\/wp-json\/wp\/v2\/media?parent=421"}],"wp:term":[{"taxonomy":"product_brand","embeddable":true,"href":"https:\/\/kiosk.caves-guerin.fr\/index.php\/wp-json\/wp\/v2\/product_brand?post=421"},{"taxonomy":"product_cat","embeddable":true,"href":"https:\/\/kiosk.caves-guerin.fr\/index.php\/wp-json\/wp\/v2\/product_cat?post=421"},{"taxonomy":"product_tag","embeddable":true,"href":"https:\/\/kiosk.caves-guerin.fr\/index.php\/wp-json\/wp\/v2\/product_tag?post=421"}],"curies":[{"name":"wp","href":"https:\/\/api.w.org\/{rel}","templated":true}]}}