{"id":419,"date":"2025-11-21T14:11:13","date_gmt":"2025-11-21T13:11:13","guid":{"rendered":"https:\/\/kiosk.caves-guerin.fr\/?post_type=product&#038;p=419"},"modified":"2025-11-21T14:12:23","modified_gmt":"2025-11-21T13:12:23","slug":"cardhu-amber-rock","status":"publish","type":"product","link":"https:\/\/kiosk.caves-guerin.fr\/index.php\/produit\/cardhu-amber-rock\/","title":{"rendered":"CARDHU AMBER ROCK"},"content":{"rendered":"<h2>40\u00b0 &#8211; 70cl &#8211; Origine Ecosse<\/h2>\n<p>Single Malt &#8211; Speyside &#8211; Double Maturation &#8211; ex-f\u00fbts de Bourbon \/ ex-f\u00fbts de X\u00e9r\u00e8s<\/p>\n<p>NEZ<br \/>\nmiel, vanille, fruits frais, ch\u00eane<\/p>\n<p>BOUCHE<br \/>\ndouce, fruit\u00e9e, pomme, poire, caramel<\/p>\n<p>FINALE<br \/>\nlongue, douce, miel, bois\u00e9e<\/p>\n","protected":false},"excerpt":{"rendered":"<p>40\u00b0 &#8211; 70cl &#8211; Origine Ecosse Single Malt &#8211; Speyside &#8211; Double Maturation &#8211; ex-f\u00fbts de Bourbon \/ ex-f\u00fbts de X\u00e9r\u00e8s NEZ miel, vanille, fruits frais, ch\u00eane BOUCHE douce, fruit\u00e9e, pomme, poire, caramel FINALE longue, douce, miel, bois\u00e9e<\/p>\n","protected":false},"featured_media":420,"comment_status":"open","ping_status":"closed","template":"","meta":[],"product_brand":[],"product_cat":[22],"product_tag":[],"class_list":{"0":"post-419","1":"product","2":"type-product","3":"status-publish","4":"has-post-thumbnail","6":"product_cat-whisky","8":"first","9":"instock","10":"shipping-taxable","11":"product-type-simple"},"_links":{"self":[{"href":"https:\/\/kiosk.caves-guerin.fr\/index.php\/wp-json\/wp\/v2\/product\/419","targetHints":{"allow":["GET"]}}],"collection":[{"href":"https:\/\/kiosk.caves-guerin.fr\/index.php\/wp-json\/wp\/v2\/product"}],"about":[{"href":"https:\/\/kiosk.caves-guerin.fr\/index.php\/wp-json\/wp\/v2\/types\/product"}],"replies":[{"embeddable":true,"href":"https:\/\/kiosk.caves-guerin.fr\/index.php\/wp-json\/wp\/v2\/comments?post=419"}],"wp:featuredmedia":[{"embeddable":true,"href":"https:\/\/kiosk.caves-guerin.fr\/index.php\/wp-json\/wp\/v2\/media\/420"}],"wp:attachment":[{"href":"https:\/\/kiosk.caves-guerin.fr\/index.php\/wp-json\/wp\/v2\/media?parent=419"}],"wp:term":[{"taxonomy":"product_brand","embeddable":true,"href":"https:\/\/kiosk.caves-guerin.fr\/index.php\/wp-json\/wp\/v2\/product_brand?post=419"},{"taxonomy":"product_cat","embeddable":true,"href":"https:\/\/kiosk.caves-guerin.fr\/index.php\/wp-json\/wp\/v2\/product_cat?post=419"},{"taxonomy":"product_tag","embeddable":true,"href":"https:\/\/kiosk.caves-guerin.fr\/index.php\/wp-json\/wp\/v2\/product_tag?post=419"}],"curies":[{"name":"wp","href":"https:\/\/api.w.org\/{rel}","templated":true}]}}