{"id":417,"date":"2025-11-21T14:08:16","date_gmt":"2025-11-21T13:08:16","guid":{"rendered":"https:\/\/kiosk.caves-guerin.fr\/?post_type=product&#038;p=417"},"modified":"2025-11-21T14:10:46","modified_gmt":"2025-11-21T13:10:46","slug":"caol-ila-moch","status":"publish","type":"product","link":"https:\/\/kiosk.caves-guerin.fr\/index.php\/produit\/caol-ila-moch\/","title":{"rendered":"CAOL ILA MOCH"},"content":{"rendered":"<h2>43\u00b0 &#8211; 70cl &#8211; Origine Ecosse<\/h2>\n<p>Single Malt &#8211; Islay &#8211; Tourb\u00e9<\/p>\n<p>NEZ<br \/>\nfrais, fum\u00e9e de tourbe, sel marin, fruits frais, vanille<\/p>\n<p>BOUCHE<br \/>\nintense, douce, caramel, poivr\u00e9e, fruits secs<\/p>\n<p>FINALE<br \/>\ndouce, fum\u00e9e<\/p>\n","protected":false},"excerpt":{"rendered":"<p>43\u00b0 &#8211; 70cl &#8211; Origine Ecosse Single Malt &#8211; Islay &#8211; Tourb\u00e9 NEZ frais, fum\u00e9e de tourbe, sel marin, fruits frais, vanille BOUCHE intense, douce, caramel, poivr\u00e9e, fruits secs FINALE douce, fum\u00e9e<\/p>\n","protected":false},"featured_media":418,"comment_status":"open","ping_status":"closed","template":"","meta":[],"product_brand":[],"product_cat":[22],"product_tag":[],"class_list":{"0":"post-417","1":"product","2":"type-product","3":"status-publish","4":"has-post-thumbnail","6":"product_cat-whisky","8":"first","9":"instock","10":"shipping-taxable","11":"product-type-simple"},"_links":{"self":[{"href":"https:\/\/kiosk.caves-guerin.fr\/index.php\/wp-json\/wp\/v2\/product\/417","targetHints":{"allow":["GET"]}}],"collection":[{"href":"https:\/\/kiosk.caves-guerin.fr\/index.php\/wp-json\/wp\/v2\/product"}],"about":[{"href":"https:\/\/kiosk.caves-guerin.fr\/index.php\/wp-json\/wp\/v2\/types\/product"}],"replies":[{"embeddable":true,"href":"https:\/\/kiosk.caves-guerin.fr\/index.php\/wp-json\/wp\/v2\/comments?post=417"}],"wp:featuredmedia":[{"embeddable":true,"href":"https:\/\/kiosk.caves-guerin.fr\/index.php\/wp-json\/wp\/v2\/media\/418"}],"wp:attachment":[{"href":"https:\/\/kiosk.caves-guerin.fr\/index.php\/wp-json\/wp\/v2\/media?parent=417"}],"wp:term":[{"taxonomy":"product_brand","embeddable":true,"href":"https:\/\/kiosk.caves-guerin.fr\/index.php\/wp-json\/wp\/v2\/product_brand?post=417"},{"taxonomy":"product_cat","embeddable":true,"href":"https:\/\/kiosk.caves-guerin.fr\/index.php\/wp-json\/wp\/v2\/product_cat?post=417"},{"taxonomy":"product_tag","embeddable":true,"href":"https:\/\/kiosk.caves-guerin.fr\/index.php\/wp-json\/wp\/v2\/product_tag?post=417"}],"curies":[{"name":"wp","href":"https:\/\/api.w.org\/{rel}","templated":true}]}}