{"id":357,"date":"2025-11-21T11:02:11","date_gmt":"2025-11-21T10:02:11","guid":{"rendered":"https:\/\/kiosk.caves-guerin.fr\/?post_type=product&#038;p=357"},"modified":"2025-11-21T11:30:40","modified_gmt":"2025-11-21T10:30:40","slug":"botran-12-coffret-1-verre","status":"publish","type":"product","link":"https:\/\/kiosk.caves-guerin.fr\/index.php\/produit\/botran-12-coffret-1-verre\/","title":{"rendered":"BOTRAN 12 COFFRET 1 VERRE"},"content":{"rendered":"<h2>40\u00b0 &#8211; 70cl &#8211; Origine Guatemala<\/h2>\n<p>Vieillissement dynamique innovant (Solera adapt\u00e9)<br \/>\nAssemblage de rhums de 5 \u00e0 12 ans<br \/>\nF\u00fbts utilis\u00e9s : Whisky am\u00e9ricain, Whisky am\u00e9ricain chauffe medium, ex-Vins de X\u00e9r\u00e8s<\/p>\n<p>NEZ<\/p>\n<p>D\u00e9licieuses notes de vanilles, de ch\u00eane toast\u00e9 et de fruits secs (notamment amendes et noisettes)<\/p>\n<p>BOUCHE<br \/>\nFruits secs et bois de ch\u00eane<\/p>\n<p>COULEUR<br \/>\nAcajou avec des reflets dor\u00e9s<\/p>\n<p>FINALE<br \/>\nCh\u00eane toast\u00e9 et notes de vanille<\/p>\n","protected":false},"excerpt":{"rendered":"<p>40\u00b0 &#8211; 70cl &#8211; Origine Guatemala Vieillissement dynamique innovant (Solera adapt\u00e9) Assemblage de rhums de 5 \u00e0 12 ans F\u00fbts utilis\u00e9s : Whisky am\u00e9ricain, Whisky am\u00e9ricain chauffe medium, ex-Vins de X\u00e9r\u00e8s NEZ D\u00e9licieuses notes de vanilles, de ch\u00eane toast\u00e9 et de fruits secs (notamment amendes et noisettes) BOUCHE Fruits secs et bois de ch\u00eane COULEUR<\/p>\n<div class=\"more-link\">\n             <a href=\"https:\/\/kiosk.caves-guerin.fr\/index.php\/produit\/botran-12-coffret-1-verre\/\" class=\"theme-btn\"><span>Continue Reading <\/span><i class=\"bi bi-arrow-right\"><\/i><\/a>\n        <\/div>\n","protected":false},"featured_media":358,"comment_status":"open","ping_status":"closed","template":"","meta":[],"product_brand":[],"product_cat":[21],"product_tag":[],"class_list":{"0":"post-357","1":"product","2":"type-product","3":"status-publish","4":"has-post-thumbnail","6":"product_cat-rhums","8":"first","9":"instock","10":"shipping-taxable","11":"product-type-simple"},"_links":{"self":[{"href":"https:\/\/kiosk.caves-guerin.fr\/index.php\/wp-json\/wp\/v2\/product\/357","targetHints":{"allow":["GET"]}}],"collection":[{"href":"https:\/\/kiosk.caves-guerin.fr\/index.php\/wp-json\/wp\/v2\/product"}],"about":[{"href":"https:\/\/kiosk.caves-guerin.fr\/index.php\/wp-json\/wp\/v2\/types\/product"}],"replies":[{"embeddable":true,"href":"https:\/\/kiosk.caves-guerin.fr\/index.php\/wp-json\/wp\/v2\/comments?post=357"}],"wp:featuredmedia":[{"embeddable":true,"href":"https:\/\/kiosk.caves-guerin.fr\/index.php\/wp-json\/wp\/v2\/media\/358"}],"wp:attachment":[{"href":"https:\/\/kiosk.caves-guerin.fr\/index.php\/wp-json\/wp\/v2\/media?parent=357"}],"wp:term":[{"taxonomy":"product_brand","embeddable":true,"href":"https:\/\/kiosk.caves-guerin.fr\/index.php\/wp-json\/wp\/v2\/product_brand?post=357"},{"taxonomy":"product_cat","embeddable":true,"href":"https:\/\/kiosk.caves-guerin.fr\/index.php\/wp-json\/wp\/v2\/product_cat?post=357"},{"taxonomy":"product_tag","embeddable":true,"href":"https:\/\/kiosk.caves-guerin.fr\/index.php\/wp-json\/wp\/v2\/product_tag?post=357"}],"curies":[{"name":"wp","href":"https:\/\/api.w.org\/{rel}","templated":true}]}}