{"id":355,"date":"2025-11-21T10:52:09","date_gmt":"2025-11-21T09:52:09","guid":{"rendered":"https:\/\/kiosk.caves-guerin.fr\/?post_type=product&#038;p=355"},"modified":"2025-11-21T17:39:52","modified_gmt":"2025-11-21T16:39:52","slug":"ti-arranges-de-ced-banane-cacao","status":"publish","type":"product","link":"https:\/\/kiosk.caves-guerin.fr\/index.php\/produit\/ti-arranges-de-ced-banane-cacao\/","title":{"rendered":"TI ARRANG\u00c9S DE CED\u2019 BANANE &#8211; CACAO"},"content":{"rendered":"<h2>32\u00b0 &#8211; 70cl &#8211; Origine France<\/h2>\n<p>AR\u00d4ME<\/p>\n<p>Cacao &#8211; Fruits cuits<\/p>\n<p>Que de gourmandise dans cet accord p\u00e2tissier banane-cacao. Ce Ti Arrang\u00e9 est une invitation \u00e0 un joli voyage gastronomique.<br \/>\nOn y d\u00e9couvre une tr\u00e8s belle alliance chocolat\u00e9e fruit\u00e9e sur un rhum agricole AOC Martinique dans un registre aromatique plus proche d\u2019une eau-de-vie digestive qu\u2019ap\u00e9ritive. Le nez est domin\u00e9 par la f\u00e8ve de cacao originaire du Mexique et fra\u00eechement torr\u00e9fi\u00e9e par un artisan nantais. Associ\u00e9e \u00e0 la banane, l\u2019alliance fonctionne parfaitement et avec \u00e9l\u00e9gance offrant aux amateurs une finale longue et persistante.<\/p>\n","protected":false},"excerpt":{"rendered":"<p>32\u00b0 &#8211; 70cl &#8211; Origine France AR\u00d4ME Cacao &#8211; Fruits cuits Que de gourmandise dans cet accord p\u00e2tissier banane-cacao. Ce Ti Arrang\u00e9 est une invitation \u00e0 un joli voyage gastronomique. On y d\u00e9couvre une tr\u00e8s belle alliance chocolat\u00e9e fruit\u00e9e sur un rhum agricole AOC Martinique dans un registre aromatique plus proche d\u2019une eau-de-vie digestive qu\u2019ap\u00e9ritive.<\/p>\n<div class=\"more-link\">\n             <a href=\"https:\/\/kiosk.caves-guerin.fr\/index.php\/produit\/ti-arranges-de-ced-banane-cacao\/\" class=\"theme-btn\"><span>Continue Reading <\/span><i class=\"bi bi-arrow-right\"><\/i><\/a>\n        <\/div>\n","protected":false},"featured_media":356,"comment_status":"open","ping_status":"closed","template":"","meta":[],"product_brand":[],"product_cat":[21],"product_tag":[],"class_list":{"0":"post-355","1":"product","2":"type-product","3":"status-publish","4":"has-post-thumbnail","6":"product_cat-rhums","8":"first","9":"instock","10":"shipping-taxable","11":"product-type-simple"},"_links":{"self":[{"href":"https:\/\/kiosk.caves-guerin.fr\/index.php\/wp-json\/wp\/v2\/product\/355","targetHints":{"allow":["GET"]}}],"collection":[{"href":"https:\/\/kiosk.caves-guerin.fr\/index.php\/wp-json\/wp\/v2\/product"}],"about":[{"href":"https:\/\/kiosk.caves-guerin.fr\/index.php\/wp-json\/wp\/v2\/types\/product"}],"replies":[{"embeddable":true,"href":"https:\/\/kiosk.caves-guerin.fr\/index.php\/wp-json\/wp\/v2\/comments?post=355"}],"wp:featuredmedia":[{"embeddable":true,"href":"https:\/\/kiosk.caves-guerin.fr\/index.php\/wp-json\/wp\/v2\/media\/356"}],"wp:attachment":[{"href":"https:\/\/kiosk.caves-guerin.fr\/index.php\/wp-json\/wp\/v2\/media?parent=355"}],"wp:term":[{"taxonomy":"product_brand","embeddable":true,"href":"https:\/\/kiosk.caves-guerin.fr\/index.php\/wp-json\/wp\/v2\/product_brand?post=355"},{"taxonomy":"product_cat","embeddable":true,"href":"https:\/\/kiosk.caves-guerin.fr\/index.php\/wp-json\/wp\/v2\/product_cat?post=355"},{"taxonomy":"product_tag","embeddable":true,"href":"https:\/\/kiosk.caves-guerin.fr\/index.php\/wp-json\/wp\/v2\/product_tag?post=355"}],"curies":[{"name":"wp","href":"https:\/\/api.w.org\/{rel}","templated":true}]}}