{"id":353,"date":"2025-11-21T10:49:58","date_gmt":"2025-11-21T09:49:58","guid":{"rendered":"https:\/\/kiosk.caves-guerin.fr\/?post_type=product&#038;p=353"},"modified":"2025-11-21T11:51:08","modified_gmt":"2025-11-21T10:51:08","slug":"ti-arranges-de-ced-citron-gingembre","status":"publish","type":"product","link":"https:\/\/kiosk.caves-guerin.fr\/index.php\/produit\/ti-arranges-de-ced-citron-gingembre\/","title":{"rendered":"TI ARRANG\u00c9S DE CED\u2019 CITRON &#8211; GINGEMBRE"},"content":{"rendered":"<h2>32\u00b0 &#8211; 70cl &#8211; Origine France<\/h2>\n<p>AR\u00d4ME<\/p>\n<p>Agrumes &#8211; Gingembre<\/p>\n<p>Avec notre recette GwaMaR\u00e9, ce sont les richesses naturelles de 3 d\u00e9partements d\u2019Outre-Mer que nous proposons de<br \/>\nd\u00e9guster au coeur d\u2019une seule et m\u00eame mac\u00e9ration. L\u2019assemblage de deux purs jus de canne de Martinique et Guadeloupe<br \/>\ns\u2019int\u00e8gre \u00e0 merveille dans cet ensemble d\u00e9licatement confit (gingembre frais). Les citrons galets de la R\u00e9union apportent<br \/>\nbeaucoup de fra\u00eecheur, m\u00ealant la force de l\u2019acidul\u00e9 aux notes d\u2019\u00e9pices.<\/p>\n","protected":false},"excerpt":{"rendered":"<p>32\u00b0 &#8211; 70cl &#8211; Origine France AR\u00d4ME Agrumes &#8211; Gingembre Avec notre recette GwaMaR\u00e9, ce sont les richesses naturelles de 3 d\u00e9partements d\u2019Outre-Mer que nous proposons de d\u00e9guster au coeur d\u2019une seule et m\u00eame mac\u00e9ration. L\u2019assemblage de deux purs jus de canne de Martinique et Guadeloupe s\u2019int\u00e8gre \u00e0 merveille dans cet ensemble d\u00e9licatement confit (gingembre<\/p>\n<div class=\"more-link\">\n             <a href=\"https:\/\/kiosk.caves-guerin.fr\/index.php\/produit\/ti-arranges-de-ced-citron-gingembre\/\" class=\"theme-btn\"><span>Continue Reading <\/span><i class=\"bi bi-arrow-right\"><\/i><\/a>\n        <\/div>\n","protected":false},"featured_media":354,"comment_status":"open","ping_status":"closed","template":"","meta":[],"product_brand":[],"product_cat":[21],"product_tag":[],"class_list":{"0":"post-353","1":"product","2":"type-product","3":"status-publish","4":"has-post-thumbnail","6":"product_cat-rhums","8":"first","9":"instock","10":"shipping-taxable","11":"product-type-simple"},"_links":{"self":[{"href":"https:\/\/kiosk.caves-guerin.fr\/index.php\/wp-json\/wp\/v2\/product\/353","targetHints":{"allow":["GET"]}}],"collection":[{"href":"https:\/\/kiosk.caves-guerin.fr\/index.php\/wp-json\/wp\/v2\/product"}],"about":[{"href":"https:\/\/kiosk.caves-guerin.fr\/index.php\/wp-json\/wp\/v2\/types\/product"}],"replies":[{"embeddable":true,"href":"https:\/\/kiosk.caves-guerin.fr\/index.php\/wp-json\/wp\/v2\/comments?post=353"}],"wp:featuredmedia":[{"embeddable":true,"href":"https:\/\/kiosk.caves-guerin.fr\/index.php\/wp-json\/wp\/v2\/media\/354"}],"wp:attachment":[{"href":"https:\/\/kiosk.caves-guerin.fr\/index.php\/wp-json\/wp\/v2\/media?parent=353"}],"wp:term":[{"taxonomy":"product_brand","embeddable":true,"href":"https:\/\/kiosk.caves-guerin.fr\/index.php\/wp-json\/wp\/v2\/product_brand?post=353"},{"taxonomy":"product_cat","embeddable":true,"href":"https:\/\/kiosk.caves-guerin.fr\/index.php\/wp-json\/wp\/v2\/product_cat?post=353"},{"taxonomy":"product_tag","embeddable":true,"href":"https:\/\/kiosk.caves-guerin.fr\/index.php\/wp-json\/wp\/v2\/product_tag?post=353"}],"curies":[{"name":"wp","href":"https:\/\/api.w.org\/{rel}","templated":true}]}}