{"id":351,"date":"2025-11-21T10:40:55","date_gmt":"2025-11-21T09:40:55","guid":{"rendered":"https:\/\/kiosk.caves-guerin.fr\/?post_type=product&#038;p=351"},"modified":"2025-11-21T11:52:28","modified_gmt":"2025-11-21T10:52:28","slug":"elijah-craig-small-batch","status":"publish","type":"product","link":"https:\/\/kiosk.caves-guerin.fr\/index.php\/produit\/elijah-craig-small-batch\/","title":{"rendered":"ELIJAH CRAIG SMALL BATCH"},"content":{"rendered":"<h2>47\u00b0 &#8211; 70cl &#8211; Origine Etats-Unis<\/h2>\n<p>AR\u00d4ME<\/p>\n<p>Epic\u00e9 &#8211; Vanille<\/p>\n<p>Ce Small Batch bourbon est le produit phare de la gamme du nom du \u00ab\u00a0p\u00e8re de bourbon\u00a0\u00bb, Elijah Craig. Il est fabriqu\u00e9 avec soin \u00e0<br \/>\npartir de tr\u00e8s vieux f\u00fbts, s\u00e9lectionn\u00e9s \u00e0 la main. C&rsquo;est cette attention particuli\u00e8re aux d\u00e9tails qui donne \u00e0 ce Kentucky Straight<br \/>\nBourbon Whiskey son \u00e9quilibre, \u00e0 la fois riche et rond, avec des ar\u00f4mes \u00e9pic\u00e9s et une pointe de fum\u00e9e.<\/p>\n<p>NEZ<br \/>\nComplexe, gousse de vanille, fruits doux, menthe fra\u00eeche<\/p>\n<p>BOUCHE<br \/>\nDouce et chaude, bois\u00e9 avec des accents d&rsquo;\u00e9pices, de la fum\u00e9e et de noix de muscade<\/p>\n<p>FINALE<br \/>\nLongue, douce et l\u00e9g\u00e8rement grill\u00e9e<\/p>\n","protected":false},"excerpt":{"rendered":"<p>47\u00b0 &#8211; 70cl &#8211; Origine Etats-Unis AR\u00d4ME Epic\u00e9 &#8211; Vanille Ce Small Batch bourbon est le produit phare de la gamme du nom du \u00ab\u00a0p\u00e8re de bourbon\u00a0\u00bb, Elijah Craig. Il est fabriqu\u00e9 avec soin \u00e0 partir de tr\u00e8s vieux f\u00fbts, s\u00e9lectionn\u00e9s \u00e0 la main. C&rsquo;est cette attention particuli\u00e8re aux d\u00e9tails qui donne \u00e0 ce Kentucky<\/p>\n<div class=\"more-link\">\n             <a href=\"https:\/\/kiosk.caves-guerin.fr\/index.php\/produit\/elijah-craig-small-batch\/\" class=\"theme-btn\"><span>Continue Reading <\/span><i class=\"bi bi-arrow-right\"><\/i><\/a>\n        <\/div>\n","protected":false},"featured_media":352,"comment_status":"open","ping_status":"closed","template":"","meta":[],"product_brand":[],"product_cat":[22],"product_tag":[],"class_list":{"0":"post-351","1":"product","2":"type-product","3":"status-publish","4":"has-post-thumbnail","6":"product_cat-whisky","8":"first","9":"instock","10":"shipping-taxable","11":"product-type-simple"},"_links":{"self":[{"href":"https:\/\/kiosk.caves-guerin.fr\/index.php\/wp-json\/wp\/v2\/product\/351","targetHints":{"allow":["GET"]}}],"collection":[{"href":"https:\/\/kiosk.caves-guerin.fr\/index.php\/wp-json\/wp\/v2\/product"}],"about":[{"href":"https:\/\/kiosk.caves-guerin.fr\/index.php\/wp-json\/wp\/v2\/types\/product"}],"replies":[{"embeddable":true,"href":"https:\/\/kiosk.caves-guerin.fr\/index.php\/wp-json\/wp\/v2\/comments?post=351"}],"wp:featuredmedia":[{"embeddable":true,"href":"https:\/\/kiosk.caves-guerin.fr\/index.php\/wp-json\/wp\/v2\/media\/352"}],"wp:attachment":[{"href":"https:\/\/kiosk.caves-guerin.fr\/index.php\/wp-json\/wp\/v2\/media?parent=351"}],"wp:term":[{"taxonomy":"product_brand","embeddable":true,"href":"https:\/\/kiosk.caves-guerin.fr\/index.php\/wp-json\/wp\/v2\/product_brand?post=351"},{"taxonomy":"product_cat","embeddable":true,"href":"https:\/\/kiosk.caves-guerin.fr\/index.php\/wp-json\/wp\/v2\/product_cat?post=351"},{"taxonomy":"product_tag","embeddable":true,"href":"https:\/\/kiosk.caves-guerin.fr\/index.php\/wp-json\/wp\/v2\/product_tag?post=351"}],"curies":[{"name":"wp","href":"https:\/\/api.w.org\/{rel}","templated":true}]}}