{"id":349,"date":"2025-11-21T10:35:49","date_gmt":"2025-11-21T09:35:49","guid":{"rendered":"https:\/\/kiosk.caves-guerin.fr\/?post_type=product&#038;p=349"},"modified":"2025-11-22T07:30:39","modified_gmt":"2025-11-22T06:30:39","slug":"mac-na-mara-madeira-cask-finish","status":"publish","type":"product","link":"https:\/\/kiosk.caves-guerin.fr\/index.php\/produit\/mac-na-mara-madeira-cask-finish\/","title":{"rendered":"MAC NA MARA MADEIRA CASK FINISH"},"content":{"rendered":"<h2>40\u00b0 &#8211; 70cl &#8211; Origine Ecosse<\/h2>\n<p>AR\u00d4ME<\/p>\n<p>Epic\u00e9 &#8211; Fruit\u00e9<\/p>\n<p>NEZ<br \/>\ntarte \u00e0 la cerise, \u00e9pices, salin.<\/p>\n<p>BOUCHE<br \/>\norge, p\u00eache, marmelade aux agrumes.<\/p>\n<p>FINALE<br \/>\ncr\u00e9meuse, pommes cuites, ch\u00eane.<\/p>\n","protected":false},"excerpt":{"rendered":"<p>40\u00b0 &#8211; 70cl &#8211; Origine Ecosse AR\u00d4ME Epic\u00e9 &#8211; Fruit\u00e9 NEZ tarte \u00e0 la cerise, \u00e9pices, salin. BOUCHE orge, p\u00eache, marmelade aux agrumes. FINALE cr\u00e9meuse, pommes cuites, ch\u00eane.<\/p>\n","protected":false},"featured_media":350,"comment_status":"open","ping_status":"closed","template":"","meta":[],"product_brand":[],"product_cat":[22],"product_tag":[],"class_list":{"0":"post-349","1":"product","2":"type-product","3":"status-publish","4":"has-post-thumbnail","6":"product_cat-whisky","8":"first","9":"instock","10":"shipping-taxable","11":"product-type-simple"},"_links":{"self":[{"href":"https:\/\/kiosk.caves-guerin.fr\/index.php\/wp-json\/wp\/v2\/product\/349","targetHints":{"allow":["GET"]}}],"collection":[{"href":"https:\/\/kiosk.caves-guerin.fr\/index.php\/wp-json\/wp\/v2\/product"}],"about":[{"href":"https:\/\/kiosk.caves-guerin.fr\/index.php\/wp-json\/wp\/v2\/types\/product"}],"replies":[{"embeddable":true,"href":"https:\/\/kiosk.caves-guerin.fr\/index.php\/wp-json\/wp\/v2\/comments?post=349"}],"wp:featuredmedia":[{"embeddable":true,"href":"https:\/\/kiosk.caves-guerin.fr\/index.php\/wp-json\/wp\/v2\/media\/350"}],"wp:attachment":[{"href":"https:\/\/kiosk.caves-guerin.fr\/index.php\/wp-json\/wp\/v2\/media?parent=349"}],"wp:term":[{"taxonomy":"product_brand","embeddable":true,"href":"https:\/\/kiosk.caves-guerin.fr\/index.php\/wp-json\/wp\/v2\/product_brand?post=349"},{"taxonomy":"product_cat","embeddable":true,"href":"https:\/\/kiosk.caves-guerin.fr\/index.php\/wp-json\/wp\/v2\/product_cat?post=349"},{"taxonomy":"product_tag","embeddable":true,"href":"https:\/\/kiosk.caves-guerin.fr\/index.php\/wp-json\/wp\/v2\/product_tag?post=349"}],"curies":[{"name":"wp","href":"https:\/\/api.w.org\/{rel}","templated":true}]}}