{"id":346,"date":"2025-11-21T10:15:13","date_gmt":"2025-11-21T09:15:13","guid":{"rendered":"https:\/\/kiosk.caves-guerin.fr\/?post_type=product&#038;p=346"},"modified":"2025-11-21T11:53:16","modified_gmt":"2025-11-21T10:53:16","slug":"ti-arranges-de-ced-graal-ananas-framboise","status":"publish","type":"product","link":"https:\/\/kiosk.caves-guerin.fr\/index.php\/produit\/ti-arranges-de-ced-graal-ananas-framboise\/","title":{"rendered":"TI ARRANG\u00c9S DE CED\u2019 GRAAL ANANAS &#8211; FRAMBOISE"},"content":{"rendered":"<h2>45.4\u00b0 &#8211; 70cl &#8211; Origine France<\/h2>\n<p>AR\u00d4ME<\/p>\n<p>Fruits rouges &#8211; Fruits tropicaux<\/p>\n<p>In\u00e9dit dans l&rsquo;univers des punchs au rhum, Ced\u2019 r\u00e9unit deux bases de rhum agricole des Antilles fran\u00e7aises non r\u00e9duites dites \u00ab<br \/>\nBrut de colonne \u00bb (Martinique et Guadeloupe), \u00e0 la puissance aromatique des deux purs jus de canne. S\u2019y ajoutent des fruits<br \/>\nfrais s\u00e9lectionn\u00e9s \u00e0 maturit\u00e9 naturelle et un sirop de sucre de canne r\u00e9alis\u00e9 \u00e0 fa\u00e7on pour l\u2019atelier des Rhums de Ced\u2019 par un<br \/>\nartisan nantais. Le r\u00e9sultat est ultra gourmand avec une alliance parfaitement \u00e9quilibr\u00e9e entre le pep\u2019s des fruits rouges et le<br \/>\nvelout\u00e9 de l\u2019ananas. Une belle rencontre fruit\u00e9e pour un Ti Arrang\u00e9 g\u00e9n\u00e9reux. eux.<\/p>\n","protected":false},"excerpt":{"rendered":"<p>45.4\u00b0 &#8211; 70cl &#8211; Origine France AR\u00d4ME Fruits rouges &#8211; Fruits tropicaux In\u00e9dit dans l&rsquo;univers des punchs au rhum, Ced\u2019 r\u00e9unit deux bases de rhum agricole des Antilles fran\u00e7aises non r\u00e9duites dites \u00ab Brut de colonne \u00bb (Martinique et Guadeloupe), \u00e0 la puissance aromatique des deux purs jus de canne. S\u2019y ajoutent des fruits frais<\/p>\n<div class=\"more-link\">\n             <a href=\"https:\/\/kiosk.caves-guerin.fr\/index.php\/produit\/ti-arranges-de-ced-graal-ananas-framboise\/\" class=\"theme-btn\"><span>Continue Reading <\/span><i class=\"bi bi-arrow-right\"><\/i><\/a>\n        <\/div>\n","protected":false},"featured_media":347,"comment_status":"open","ping_status":"closed","template":"","meta":[],"product_brand":[],"product_cat":[21],"product_tag":[],"class_list":{"0":"post-346","1":"product","2":"type-product","3":"status-publish","4":"has-post-thumbnail","6":"product_cat-rhums","8":"first","9":"instock","10":"shipping-taxable","11":"product-type-simple"},"_links":{"self":[{"href":"https:\/\/kiosk.caves-guerin.fr\/index.php\/wp-json\/wp\/v2\/product\/346","targetHints":{"allow":["GET"]}}],"collection":[{"href":"https:\/\/kiosk.caves-guerin.fr\/index.php\/wp-json\/wp\/v2\/product"}],"about":[{"href":"https:\/\/kiosk.caves-guerin.fr\/index.php\/wp-json\/wp\/v2\/types\/product"}],"replies":[{"embeddable":true,"href":"https:\/\/kiosk.caves-guerin.fr\/index.php\/wp-json\/wp\/v2\/comments?post=346"}],"wp:featuredmedia":[{"embeddable":true,"href":"https:\/\/kiosk.caves-guerin.fr\/index.php\/wp-json\/wp\/v2\/media\/347"}],"wp:attachment":[{"href":"https:\/\/kiosk.caves-guerin.fr\/index.php\/wp-json\/wp\/v2\/media?parent=346"}],"wp:term":[{"taxonomy":"product_brand","embeddable":true,"href":"https:\/\/kiosk.caves-guerin.fr\/index.php\/wp-json\/wp\/v2\/product_brand?post=346"},{"taxonomy":"product_cat","embeddable":true,"href":"https:\/\/kiosk.caves-guerin.fr\/index.php\/wp-json\/wp\/v2\/product_cat?post=346"},{"taxonomy":"product_tag","embeddable":true,"href":"https:\/\/kiosk.caves-guerin.fr\/index.php\/wp-json\/wp\/v2\/product_tag?post=346"}],"curies":[{"name":"wp","href":"https:\/\/api.w.org\/{rel}","templated":true}]}}