{"id":344,"date":"2025-11-21T10:12:47","date_gmt":"2025-11-21T09:12:47","guid":{"rendered":"https:\/\/kiosk.caves-guerin.fr\/?post_type=product&#038;p=344"},"modified":"2025-11-21T11:53:45","modified_gmt":"2025-11-21T10:53:45","slug":"ti-arranges-de-ced-bio-pomme-poire","status":"publish","type":"product","link":"https:\/\/kiosk.caves-guerin.fr\/index.php\/produit\/ti-arranges-de-ced-bio-pomme-poire\/","title":{"rendered":"TI ARRANG\u00c9S DE CED\u2019 BIO POMME &#8211; POIRE"},"content":{"rendered":"<h2>21\u00b0 &#8211; 70cl &#8211; Origine France<\/h2>\n<p>AR\u00d4ME<\/p>\n<p>Fruits blancs &#8211; Vanille<\/p>\n<p>Premier nez marqu\u00e9 par la pomme \u00ab fa\u00e7on Tatin \u00bb presque caram\u00e9lis\u00e9e. Au second plan, la poire intervient en apportant une<br \/>\ntouche presque p\u00e2tissi\u00e8re. L\u2019\u00e9quilibre de la mac\u00e9ration originale est id\u00e9al entre son c\u00f4t\u00e9 fruit\u00e9 et l\u2019intensit\u00e9 du rhum traditionnel<br \/>\n100% BIO ! Une gourmandise \u00e0 partager en fin de repas !<\/p>\n","protected":false},"excerpt":{"rendered":"<p>21\u00b0 &#8211; 70cl &#8211; Origine France AR\u00d4ME Fruits blancs &#8211; Vanille Premier nez marqu\u00e9 par la pomme \u00ab fa\u00e7on Tatin \u00bb presque caram\u00e9lis\u00e9e. Au second plan, la poire intervient en apportant une touche presque p\u00e2tissi\u00e8re. L\u2019\u00e9quilibre de la mac\u00e9ration originale est id\u00e9al entre son c\u00f4t\u00e9 fruit\u00e9 et l\u2019intensit\u00e9 du rhum traditionnel 100% BIO ! Une<\/p>\n<div class=\"more-link\">\n             <a href=\"https:\/\/kiosk.caves-guerin.fr\/index.php\/produit\/ti-arranges-de-ced-bio-pomme-poire\/\" class=\"theme-btn\"><span>Continue Reading <\/span><i class=\"bi bi-arrow-right\"><\/i><\/a>\n        <\/div>\n","protected":false},"featured_media":345,"comment_status":"open","ping_status":"closed","template":"","meta":[],"product_brand":[],"product_cat":[21],"product_tag":[],"class_list":{"0":"post-344","1":"product","2":"type-product","3":"status-publish","4":"has-post-thumbnail","6":"product_cat-rhums","8":"first","9":"instock","10":"shipping-taxable","11":"product-type-simple"},"_links":{"self":[{"href":"https:\/\/kiosk.caves-guerin.fr\/index.php\/wp-json\/wp\/v2\/product\/344","targetHints":{"allow":["GET"]}}],"collection":[{"href":"https:\/\/kiosk.caves-guerin.fr\/index.php\/wp-json\/wp\/v2\/product"}],"about":[{"href":"https:\/\/kiosk.caves-guerin.fr\/index.php\/wp-json\/wp\/v2\/types\/product"}],"replies":[{"embeddable":true,"href":"https:\/\/kiosk.caves-guerin.fr\/index.php\/wp-json\/wp\/v2\/comments?post=344"}],"wp:featuredmedia":[{"embeddable":true,"href":"https:\/\/kiosk.caves-guerin.fr\/index.php\/wp-json\/wp\/v2\/media\/345"}],"wp:attachment":[{"href":"https:\/\/kiosk.caves-guerin.fr\/index.php\/wp-json\/wp\/v2\/media?parent=344"}],"wp:term":[{"taxonomy":"product_brand","embeddable":true,"href":"https:\/\/kiosk.caves-guerin.fr\/index.php\/wp-json\/wp\/v2\/product_brand?post=344"},{"taxonomy":"product_cat","embeddable":true,"href":"https:\/\/kiosk.caves-guerin.fr\/index.php\/wp-json\/wp\/v2\/product_cat?post=344"},{"taxonomy":"product_tag","embeddable":true,"href":"https:\/\/kiosk.caves-guerin.fr\/index.php\/wp-json\/wp\/v2\/product_tag?post=344"}],"curies":[{"name":"wp","href":"https:\/\/api.w.org\/{rel}","templated":true}]}}