{"id":140,"date":"2025-11-10T15:53:36","date_gmt":"2025-11-10T14:53:36","guid":{"rendered":"https:\/\/kiosk.caves-guerin.fr\/?post_type=product&#038;p=140"},"modified":"2025-11-21T11:54:50","modified_gmt":"2025-11-21T10:54:50","slug":"ti-arranges-de-ced-mangue-passion","status":"publish","type":"product","link":"https:\/\/kiosk.caves-guerin.fr\/index.php\/produit\/ti-arranges-de-ced-mangue-passion\/","title":{"rendered":"TI ARRANG\u00c9S DE CED\u2019 MANGUE &#8211; PASSION"},"content":{"rendered":"<h2>32\u00b0 &#8211; 70cl &#8211; Origine France<\/h2>\n<p>AR\u00d4ME<\/p>\n<p>Fleurs fra\u00eeches &#8211; Fruit\u00e9<\/p>\n<p>Amateur(rice) de mangue fra\u00eeche et juteuse, le Ti Arrang\u00e9s de Ced\u2019 Mangue Passion vous invite \u00e0 un voyage aromatique exotique et a\u00e9rien. S\u00e9lectionn\u00e9es exclusivement \u00e0 maturit\u00e9 naturelle, les mangues KENT (vari\u00e9t\u00e9 la plus aromatique) d\u00e9livrent une puissance presque confitur\u00e9e, sublim\u00e9e par la fra\u00eecheur et le c\u00f4t\u00e9 acidul\u00e9 du fruit de la passion avec un rhum agricole AOC de Martinique et une gousse de vanille.<\/p>\n","protected":false},"excerpt":{"rendered":"<p>32\u00b0 &#8211; 70cl &#8211; Origine France AR\u00d4ME Fleurs fra\u00eeches &#8211; Fruit\u00e9 Amateur(rice) de mangue fra\u00eeche et juteuse, le Ti Arrang\u00e9s de Ced\u2019 Mangue Passion vous invite \u00e0 un voyage aromatique exotique et a\u00e9rien. S\u00e9lectionn\u00e9es exclusivement \u00e0 maturit\u00e9 naturelle, les mangues KENT (vari\u00e9t\u00e9 la plus aromatique) d\u00e9livrent une puissance presque confitur\u00e9e, sublim\u00e9e par la fra\u00eecheur et<\/p>\n<div class=\"more-link\">\n             <a href=\"https:\/\/kiosk.caves-guerin.fr\/index.php\/produit\/ti-arranges-de-ced-mangue-passion\/\" class=\"theme-btn\"><span>Continue Reading <\/span><i class=\"bi bi-arrow-right\"><\/i><\/a>\n        <\/div>\n","protected":false},"featured_media":141,"comment_status":"open","ping_status":"closed","template":"","meta":[],"product_brand":[],"product_cat":[21],"product_tag":[],"class_list":{"0":"post-140","1":"product","2":"type-product","3":"status-publish","4":"has-post-thumbnail","6":"product_cat-rhums","8":"first","9":"instock","10":"shipping-taxable","11":"product-type-simple"},"_links":{"self":[{"href":"https:\/\/kiosk.caves-guerin.fr\/index.php\/wp-json\/wp\/v2\/product\/140","targetHints":{"allow":["GET"]}}],"collection":[{"href":"https:\/\/kiosk.caves-guerin.fr\/index.php\/wp-json\/wp\/v2\/product"}],"about":[{"href":"https:\/\/kiosk.caves-guerin.fr\/index.php\/wp-json\/wp\/v2\/types\/product"}],"replies":[{"embeddable":true,"href":"https:\/\/kiosk.caves-guerin.fr\/index.php\/wp-json\/wp\/v2\/comments?post=140"}],"wp:featuredmedia":[{"embeddable":true,"href":"https:\/\/kiosk.caves-guerin.fr\/index.php\/wp-json\/wp\/v2\/media\/141"}],"wp:attachment":[{"href":"https:\/\/kiosk.caves-guerin.fr\/index.php\/wp-json\/wp\/v2\/media?parent=140"}],"wp:term":[{"taxonomy":"product_brand","embeddable":true,"href":"https:\/\/kiosk.caves-guerin.fr\/index.php\/wp-json\/wp\/v2\/product_brand?post=140"},{"taxonomy":"product_cat","embeddable":true,"href":"https:\/\/kiosk.caves-guerin.fr\/index.php\/wp-json\/wp\/v2\/product_cat?post=140"},{"taxonomy":"product_tag","embeddable":true,"href":"https:\/\/kiosk.caves-guerin.fr\/index.php\/wp-json\/wp\/v2\/product_tag?post=140"}],"curies":[{"name":"wp","href":"https:\/\/api.w.org\/{rel}","templated":true}]}}